{"id":24,"date":"2024-08-04T07:39:38","date_gmt":"2024-08-04T07:39:38","guid":{"rendered":"https:\/\/themexriver.com\/wp\/indsro\/?page_id=24"},"modified":"2025-07-24T22:26:08","modified_gmt":"2025-07-24T22:26:08","slug":"sobre-nosotros","status":"publish","type":"page","link":"https:\/\/grandstrap.com\/es\/sobre-nosotros\/","title":{"rendered":"Sobre Nosotros"},"content":{"rendered":"\t\t<div data-elementor-type=\"wp-page\" data-elementor-id=\"24\" class=\"elementor elementor-24\">\n\t\t\t\t\t\t<section class=\"elementor-section elementor-top-section elementor-element elementor-element-8d5e257 elementor-section-full_width elementor-section-height-default elementor-section-height-default\" data-id=\"8d5e257\" data-element_type=\"section\">\n\t\t\t\t\t\t<div class=\"elementor-container elementor-column-gap-default\">\n\t\t\t\t\t<div class=\"elementor-column elementor-col-100 elementor-top-column elementor-element elementor-element-ad59e27\" data-id=\"ad59e27\" data-element_type=\"column\">\n\t\t\t<div class=\"elementor-widget-wrap elementor-element-populated\">\n\t\t\t\t\t\t<div class=\"elementor-element elementor-element-a5d5450 elementor-widget elementor-widget-tx_about elh-el tx_about\" data-id=\"a5d5450\" data-element_type=\"widget\" data-settings=\"{&quot;design_style&quot;:&quot;style_1&quot;}\" data-widget_type=\"tx_about.default\">\n\t\t\t\t<div class=\"elementor-widget-container\">\n\t\t\t\t\t<div class=\"fti-solution-3-area fti-class-add tx-section\">\r\n    <div class=\"container fti-container-8\">\r\n        <div class=\"fti-solution-3-wrap\">\r\n            <!-- main image  -->\r\n                        <div class=\"main-img\">\r\n                <img decoding=\"async\"\r\n                src=\"http:\/\/grandstrap.com\/es\/wp-content\/uploads\/2025\/05\/biz-kimiz-4.jpg\"\r\n                alt=\"biz-kimiz-4\">\r\n            <\/div>\r\n            \r\n            <!-- content  -->\r\n            <div class=\"content\">\r\n                <!-- title -->\r\n                <div class=\"solution-title-wrap\">\r\n                                        <h5 class=\"fti-subtitle-4\">Grandstrap<\/h5>\r\n                    <h2 class=\"tx-title fti-section-title-4 fti-split-text fti-split-in-right-4\">Sobre Nosotros<\/h2>                <\/div>\r\n                <div class=\"solution-bottom\">\r\n                                        <div class=\"img-wrap\">\r\n                        <img decoding=\"async\"\r\n                        src=\"http:\/\/grandstrap.com\/es\/wp-content\/uploads\/2025\/05\/biz-kimiz-3.jpg\"\r\n                        alt=\"biz-kimiz-3\">\r\n                    <\/div>\r\n                    \r\n                    <div class=\"info\">\r\n                                                <p class=\"fti-para-3-small disc\">Nuestra empresa, fundada en 2017 en la Zona Industrial de Estambul, est\u00e1 especializada en la producci\u00f3n de flejes compuestos de fibra, flejes textiles hotmelt, flejes para prensas de pacas y hebillas para flejes. Nuestros productos, utilizados en una amplia gama que abarca desde la industria pesada hasta la log\u00edstica, se exportan a m\u00e1s de 20 pa\u00edses en todo el mundo. Con nuestro compromiso con la calidad y la importancia que damos a la satisfacci\u00f3n del cliente, ofrecemos soluciones a largo plazo a nuestros socios comerciales.<\/p>\r\n                        \r\n                                            <\/div>\r\n                <\/div>\r\n            <\/div>\r\n        <\/div>\r\n    <\/div>\r\n<\/div>\t\t\t\t<\/div>\n\t\t\t\t<\/div>\n\t\t\t\t\t<\/div>\n\t\t<\/div>\n\t\t\t\t\t<\/div>\n\t\t<\/section>\n\t\t\t\t<section class=\"elementor-section elementor-top-section elementor-element elementor-element-9ec65c6 elementor-section-boxed elementor-section-height-default elementor-section-height-default\" data-id=\"9ec65c6\" data-element_type=\"section\">\n\t\t\t\t\t\t<div class=\"elementor-container elementor-column-gap-no\">\n\t\t\t\t\t<div class=\"elementor-column elementor-col-100 elementor-top-column elementor-element elementor-element-506c002\" data-id=\"506c002\" data-element_type=\"column\">\n\t\t\t<div class=\"elementor-widget-wrap elementor-element-populated\">\n\t\t\t\t\t\t<div class=\"elementor-element elementor-element-b43ba12 elementor-widget elementor-widget-tx_heading elh-el tx_heading\" data-id=\"b43ba12\" data-element_type=\"widget\" data-settings=\"{&quot;design_style&quot;:&quot;style_1&quot;}\" data-widget_type=\"tx_heading.default\">\n\t\t\t\t<div class=\"elementor-widget-container\">\n\t\t\t\t\t<div class=\"services-title-wrap tx-heading-section\">\r\n        <h5 class=\"fti-subtitle-4 tx-subTitle\">Nuestros Productos<\/h5>\r\n    <h2 class=\"tx-title fti-section-title-4 fti-split-text fti-split-in-right-4 \">Somos el Eslab\u00f3n Fuerte del <br>Embalaje Seguro<\/h2>    <\/div>\t\t\t\t<\/div>\n\t\t\t\t<\/div>\n\t\t\t\t\t<\/div>\n\t\t<\/div>\n\t\t\t\t\t<\/div>\n\t\t<\/section>\n\t\t\t\t<section class=\"elementor-section elementor-top-section elementor-element elementor-element-481a742 elementor-section-height-min-height elementor-section-items-top elementor-section-boxed elementor-section-height-default\" data-id=\"481a742\" data-element_type=\"section\">\n\t\t\t\t\t\t<div class=\"elementor-container elementor-column-gap-default\">\n\t\t\t\t\t<div class=\"elementor-column elementor-col-25 elementor-top-column elementor-element elementor-element-aca305b\" data-id=\"aca305b\" data-element_type=\"column\">\n\t\t\t<div class=\"elementor-widget-wrap elementor-element-populated\">\n\t\t\t\t\t\t<div class=\"elementor-element elementor-element-30b89fa elementor-widget elementor-widget-tx_info_box elh-el tx_info_box\" data-id=\"30b89fa\" data-element_type=\"widget\" data-settings=\"{&quot;design_style&quot;:&quot;style_10&quot;}\" data-widget_type=\"tx_info_box.default\">\n\t\t\t\t<div class=\"elementor-widget-container\">\n\t\t\t\t\t<div class=\"fti-services-2-item\">\r\n        <div class=\"main-img img-cover\">\r\n        <img decoding=\"async\" src=\"http:\/\/grandstrap.com\/es\/wp-content\/uploads\/2025\/05\/ihracat-konteyner.jpg\"\r\n        alt=\"ihracat-konteyner\" \/>\r\n    <\/div>\r\n        <div class=\"content\">\r\n        \r\n                <div class=\"icon-wrap\">\r\n            <span class=\"icon-1\">\r\n                <i aria-hidden=\"true\" class=\"fas fa-globe-africa\"><\/i>            <\/span>\r\n            <div class=\"divider\"><\/div>\r\n        <\/div>\r\n        \r\n        <div class=\"title-wrap\">\r\n                        <h5 class=\"fti-heading-2 title\">\r\n                <a\r\n                    href=\"https:\/\/grandstrap.com\/es\/nuestros-productos\/\"\r\n                    target=\"_self\"\r\n                    rel= \"\"\r\n                    aria-label=\"Exportaci\u00f3n y Contenedor\">\r\n                    Exportaci\u00f3n y Contenedor                <\/a>\r\n            <\/h5>\r\n                                    <p class=\"fti-para-2 disc\">Nuestros sistemas de flejes y hebillas previenen posibles da\u00f1os durante el proceso de transporte, garantizando que los productos lleguen de forma segura a su destino final.<\/p>\r\n                    <\/div>\r\n\r\n        <!-- btn  -->\r\n        <div class=\"btn-wrap\">\r\n            <a class=\"services-2-btn\"\r\n            href=\"https:\/\/grandstrap.com\/es\/nuestros-productos\/\"\r\n            target=\"_self\"\r\n            rel= \"\"\r\n            aria-label=\"Exportaci\u00f3n y Contenedor\">\r\n                                <span class=\"btn-text\">\r\n                    Nuestros Productos                <\/span>\r\n                \r\n                                <span class=\"icon\">\r\n                                    <\/span>\r\n                            <\/a>\r\n        <\/div>\r\n    <\/div>\r\n<\/div>\t\t\t\t<\/div>\n\t\t\t\t<\/div>\n\t\t\t\t\t<\/div>\n\t\t<\/div>\n\t\t\t\t<div class=\"elementor-column elementor-col-25 elementor-top-column elementor-element elementor-element-32fe195\" data-id=\"32fe195\" data-element_type=\"column\">\n\t\t\t<div class=\"elementor-widget-wrap elementor-element-populated\">\n\t\t\t\t\t\t<div class=\"elementor-element elementor-element-bccf637 elementor-widget elementor-widget-tx_info_box elh-el tx_info_box\" data-id=\"bccf637\" data-element_type=\"widget\" data-settings=\"{&quot;design_style&quot;:&quot;style_10&quot;}\" data-widget_type=\"tx_info_box.default\">\n\t\t\t\t<div class=\"elementor-widget-container\">\n\t\t\t\t\t<div class=\"fti-services-2-item\">\r\n        <div class=\"main-img img-cover\">\r\n        <img decoding=\"async\" src=\"http:\/\/grandstrap.com\/es\/wp-content\/uploads\/2025\/05\/karayolu-denizyolu.jpg\"\r\n        alt=\"karayolu-denizyolu\" \/>\r\n    <\/div>\r\n        <div class=\"content\">\r\n        \r\n                <div class=\"icon-wrap\">\r\n            <span class=\"icon-1\">\r\n                <i aria-hidden=\"true\" class=\"fas fa-truck-moving\"><\/i>            <\/span>\r\n            <div class=\"divider\"><\/div>\r\n        <\/div>\r\n        \r\n        <div class=\"title-wrap\">\r\n                        <h5 class=\"fti-heading-2 title\">\r\n                <a\r\n                    href=\"https:\/\/grandstrap.com\/es\/nuestros-productos\/\"\r\n                    target=\"_self\"\r\n                    rel= \"\"\r\n                    aria-label=\"Transporte Terrestre y Mar\u00edtimo\">\r\n                    Transporte Terrestre y Mar\u00edtimo                <\/a>\r\n            <\/h5>\r\n                                    <p class=\"fti-para-2 disc\">Todos nuestros flejes y hebillas se env\u00edan al comprador tras completar controles de calidad mec\u00e1nicos y detallados, garantizando una seguridad de carga superior.<\/p>\r\n                    <\/div>\r\n\r\n        <!-- btn  -->\r\n        <div class=\"btn-wrap\">\r\n            <a class=\"services-2-btn\"\r\n            href=\"https:\/\/grandstrap.com\/es\/nuestros-productos\/\"\r\n            target=\"_self\"\r\n            rel= \"\"\r\n            aria-label=\"Transporte Terrestre y Mar\u00edtimo\">\r\n                                <span class=\"btn-text\">\r\n                    Nuestros Productos                <\/span>\r\n                \r\n                                <span class=\"icon\">\r\n                                    <\/span>\r\n                            <\/a>\r\n        <\/div>\r\n    <\/div>\r\n<\/div>\t\t\t\t<\/div>\n\t\t\t\t<\/div>\n\t\t\t\t\t<\/div>\n\t\t<\/div>\n\t\t\t\t<div class=\"elementor-column elementor-col-25 elementor-top-column elementor-element elementor-element-284ffd4\" data-id=\"284ffd4\" data-element_type=\"column\">\n\t\t\t<div class=\"elementor-widget-wrap elementor-element-populated\">\n\t\t\t\t\t\t<div class=\"elementor-element elementor-element-712251c elementor-widget elementor-widget-tx_info_box elh-el tx_info_box\" data-id=\"712251c\" data-element_type=\"widget\" data-settings=\"{&quot;design_style&quot;:&quot;style_10&quot;}\" data-widget_type=\"tx_info_box.default\">\n\t\t\t\t<div class=\"elementor-widget-container\">\n\t\t\t\t\t<div class=\"fti-services-2-item\">\r\n        <div class=\"main-img img-cover\">\r\n        <img decoding=\"async\" src=\"http:\/\/grandstrap.com\/es\/wp-content\/uploads\/2025\/05\/palet-kimyasallar.jpg\"\r\n        alt=\"palet-kimyasallar\" \/>\r\n    <\/div>\r\n        <div class=\"content\">\r\n        \r\n                <div class=\"icon-wrap\">\r\n            <span class=\"icon-1\">\r\n                <i aria-hidden=\"true\" class=\"fas fa-pallet\"><\/i>            <\/span>\r\n            <div class=\"divider\"><\/div>\r\n        <\/div>\r\n        \r\n        <div class=\"title-wrap\">\r\n                        <h5 class=\"fti-heading-2 title\">\r\n                <a\r\n                    href=\"https:\/\/grandstrap.com\/es\/nuestros-productos\/\"\r\n                    target=\"_self\"\r\n                    rel= \"\"\r\n                    aria-label=\"Pal\u00e9s y Productos Qu\u00edmicos\">\r\n                    Pal\u00e9s y Productos Qu\u00edmicos                <\/a>\r\n            <\/h5>\r\n                                    <p class=\"fti-para-2 disc\">La combinaci\u00f3n \u00fanica de laminado y t\u00e9cnica de procesamiento garantiza la durabilidad de nuestros productos en todo tipo de condiciones de trabajo.<\/p>\r\n                    <\/div>\r\n\r\n        <!-- btn  -->\r\n        <div class=\"btn-wrap\">\r\n            <a class=\"services-2-btn\"\r\n            href=\"https:\/\/grandstrap.com\/es\/nuestros-productos\/\"\r\n            target=\"_self\"\r\n            rel= \"\"\r\n            aria-label=\"Pal\u00e9s y Productos Qu\u00edmicos\">\r\n                                <span class=\"btn-text\">\r\n                    Nuestros Productos                <\/span>\r\n                \r\n                                <span class=\"icon\">\r\n                                    <\/span>\r\n                            <\/a>\r\n        <\/div>\r\n    <\/div>\r\n<\/div>\t\t\t\t<\/div>\n\t\t\t\t<\/div>\n\t\t\t\t\t<\/div>\n\t\t<\/div>\n\t\t\t\t<div class=\"elementor-column elementor-col-25 elementor-top-column elementor-element elementor-element-00edc4b\" data-id=\"00edc4b\" data-element_type=\"column\">\n\t\t\t<div class=\"elementor-widget-wrap elementor-element-populated\">\n\t\t\t\t\t\t<div class=\"elementor-element elementor-element-975d33c elementor-widget elementor-widget-tx_info_box elh-el tx_info_box\" data-id=\"975d33c\" data-element_type=\"widget\" data-settings=\"{&quot;design_style&quot;:&quot;style_10&quot;}\" data-widget_type=\"tx_info_box.default\">\n\t\t\t\t<div class=\"elementor-widget-container\">\n\t\t\t\t\t<div class=\"fti-services-2-item\">\r\n        <div class=\"main-img img-cover\">\r\n        <img decoding=\"async\" src=\"http:\/\/grandstrap.com\/es\/wp-content\/uploads\/2025\/05\/borular-kutukler.jpg\"\r\n        alt=\"borular-k\u00fct\u00fckler\" \/>\r\n    <\/div>\r\n        <div class=\"content\">\r\n        \r\n                <div class=\"icon-wrap\">\r\n            <span class=\"icon-1\">\r\n                <i aria-hidden=\"true\" class=\"fas fa-grip-lines\"><\/i>            <\/span>\r\n            <div class=\"divider\"><\/div>\r\n        <\/div>\r\n        \r\n        <div class=\"title-wrap\">\r\n                        <h5 class=\"fti-heading-2 title\">\r\n                <a\r\n                    href=\"https:\/\/grandstrap.com\/es\/nuestros-productos\/\"\r\n                    target=\"_self\"\r\n                    rel= \"\"\r\n                    aria-label=\"Tuber\u00edas y Lingotes\">\r\n                    Tuber\u00edas y Lingotes                <\/a>\r\n            <\/h5>\r\n                                    <p class=\"fti-para-2 disc\">La seguridad de las cargas pesadas es nuestro trabajo, gracias a nuestra gama de productos ofrecidos como alternativa a los flejes de acero y metal.<\/p>\r\n                    <\/div>\r\n\r\n        <!-- btn  -->\r\n        <div class=\"btn-wrap\">\r\n            <a class=\"services-2-btn\"\r\n            href=\"https:\/\/grandstrap.com\/es\/nuestros-productos\/\"\r\n            target=\"_self\"\r\n            rel= \"\"\r\n            aria-label=\"Tuber\u00edas y Lingotes\">\r\n                                <span class=\"btn-text\">\r\n                    Nuestros Productos                <\/span>\r\n                \r\n                                <span class=\"icon\">\r\n                                    <\/span>\r\n                            <\/a>\r\n        <\/div>\r\n    <\/div>\r\n<\/div>\t\t\t\t<\/div>\n\t\t\t\t<\/div>\n\t\t\t\t\t<\/div>\n\t\t<\/div>\n\t\t\t\t\t<\/div>\n\t\t<\/section>\n\t\t\t\t<section class=\"elementor-section elementor-top-section elementor-element elementor-element-5295153 elementor-section-boxed elementor-section-height-default elementor-section-height-default\" data-id=\"5295153\" data-element_type=\"section\">\n\t\t\t\t\t\t<div class=\"elementor-container elementor-column-gap-no\">\n\t\t\t\t\t<div class=\"elementor-column elementor-col-100 elementor-top-column elementor-element elementor-element-39b3fce\" data-id=\"39b3fce\" data-element_type=\"column\">\n\t\t\t<div class=\"elementor-widget-wrap elementor-element-populated\">\n\t\t\t\t\t\t<div class=\"elementor-element elementor-element-9a55f3e elementor-widget elementor-widget-tx_heading elh-el tx_heading\" data-id=\"9a55f3e\" data-element_type=\"widget\" data-settings=\"{&quot;design_style&quot;:&quot;style_1&quot;}\" data-widget_type=\"tx_heading.default\">\n\t\t\t\t<div class=\"elementor-widget-container\">\n\t\t\t\t\t<div class=\"services-title-wrap tx-heading-section\">\r\n        <h5 class=\"fti-subtitle-4 tx-subTitle\">grandstrap<\/h5>\r\n    <h2 class=\"tx-title fti-section-title-4 fti-split-text fti-split-in-right-4 \">Prestamos servicios a m\u00e1s de 150 clientes globales.<\/h2>    <\/div>\t\t\t\t<\/div>\n\t\t\t\t<\/div>\n\t\t\t\t\t<\/div>\n\t\t<\/div>\n\t\t\t\t\t<\/div>\n\t\t<\/section>\n\t\t\t\t<\/div>\n\t\t","protected":false},"excerpt":{"rendered":"<p>Grandstrap Sobre Nosotros Nuestra empresa, fundada en 2017 en la Zona Industrial de Estambul, est\u00e1 especializada en la producci\u00f3n de flejes compuestos de fibra, flejes textiles hotmelt, flejes para prensas de pacas y hebillas para flejes. Nuestros productos, utilizados en una amplia gama que abarca desde la industria pesada hasta la log\u00edstica, se exportan a [&hellip;]<\/p>\n","protected":false},"author":1,"featured_media":5130,"parent":0,"menu_order":0,"comment_status":"closed","ping_status":"closed","template":"elementor_header_footer","meta":{"inline_featured_image":false,"footnotes":""},"class_list":["post-24","page","type-page","status-publish","has-post-thumbnail","hentry"],"_links":{"self":[{"href":"https:\/\/grandstrap.com\/es\/wp-json\/wp\/v2\/pages\/24","targetHints":{"allow":["GET"]}}],"collection":[{"href":"https:\/\/grandstrap.com\/es\/wp-json\/wp\/v2\/pages"}],"about":[{"href":"https:\/\/grandstrap.com\/es\/wp-json\/wp\/v2\/types\/page"}],"author":[{"embeddable":true,"href":"https:\/\/grandstrap.com\/es\/wp-json\/wp\/v2\/users\/1"}],"replies":[{"embeddable":true,"href":"https:\/\/grandstrap.com\/es\/wp-json\/wp\/v2\/comments?post=24"}],"version-history":[{"count":34,"href":"https:\/\/grandstrap.com\/es\/wp-json\/wp\/v2\/pages\/24\/revisions"}],"predecessor-version":[{"id":5302,"href":"https:\/\/grandstrap.com\/es\/wp-json\/wp\/v2\/pages\/24\/revisions\/5302"}],"wp:featuredmedia":[{"embeddable":true,"href":"https:\/\/grandstrap.com\/es\/wp-json\/wp\/v2\/media\/5130"}],"wp:attachment":[{"href":"https:\/\/grandstrap.com\/es\/wp-json\/wp\/v2\/media?parent=24"}],"curies":[{"name":"wp","href":"https:\/\/api.w.org\/{rel}","templated":true}]}}