{"id":52,"date":"2024-08-04T07:42:52","date_gmt":"2024-08-04T07:42:52","guid":{"rendered":"https:\/\/themexriver.com\/wp\/indsro\/?page_id=52"},"modified":"2025-07-24T22:34:29","modified_gmt":"2025-07-24T22:34:29","slug":"nuestros-productos","status":"publish","type":"page","link":"https:\/\/grandstrap.com\/es\/nuestros-productos\/","title":{"rendered":"Nuestros Productos"},"content":{"rendered":"\t\t<div data-elementor-type=\"wp-page\" data-elementor-id=\"52\" class=\"elementor elementor-52\">\n\t\t\t\t\t\t<section class=\"elementor-section elementor-top-section elementor-element elementor-element-155fc86 elementor-section-boxed elementor-section-height-default elementor-section-height-default\" data-id=\"155fc86\" data-element_type=\"section\">\n\t\t\t\t\t\t<div class=\"elementor-container elementor-column-gap-no\">\n\t\t\t\t\t<div class=\"elementor-column elementor-col-100 elementor-top-column elementor-element elementor-element-9aedef8\" data-id=\"9aedef8\" data-element_type=\"column\">\n\t\t\t<div class=\"elementor-widget-wrap elementor-element-populated\">\n\t\t\t\t\t\t<div class=\"elementor-element elementor-element-f2a94af elementor-widget elementor-widget-tx_heading elh-el tx_heading\" data-id=\"f2a94af\" data-element_type=\"widget\" data-settings=\"{&quot;design_style&quot;:&quot;style_1&quot;}\" data-widget_type=\"tx_heading.default\">\n\t\t\t\t<div class=\"elementor-widget-container\">\n\t\t\t\t\t<div class=\"services-title-wrap tx-heading-section\">\r\n        <h5 class=\"fti-subtitle-4 tx-subTitle\">Nuestros Productos<\/h5>\r\n    <h2 class=\"tx-title fti-section-title-4 fti-split-text fti-split-in-right-4 \">Somos el Eslab\u00f3n Fuerte del<br> Embalaje Seguro.<\/h2>    <\/div>\t\t\t\t<\/div>\n\t\t\t\t<\/div>\n\t\t\t\t\t<\/div>\n\t\t<\/div>\n\t\t\t\t\t<\/div>\n\t\t<\/section>\n\t\t\t\t<section class=\"elementor-section elementor-top-section elementor-element elementor-element-9589afc elementor-section-full_width elementor-section-height-default elementor-section-height-default\" data-id=\"9589afc\" data-element_type=\"section\">\n\t\t\t\t\t\t<div class=\"elementor-container elementor-column-gap-default\">\n\t\t\t\t\t<div class=\"elementor-column elementor-col-100 elementor-top-column elementor-element elementor-element-3c7f166\" data-id=\"3c7f166\" data-element_type=\"column\">\n\t\t\t<div class=\"elementor-widget-wrap elementor-element-populated\">\n\t\t\t\t\t\t<div class=\"elementor-element elementor-element-58489de elementor-widget elementor-widget-tx_service_lists elh-el tx_service_lists\" data-id=\"58489de\" data-element_type=\"widget\" data-settings=\"{&quot;design_style&quot;:&quot;style_6&quot;}\" data-widget_type=\"tx_service_lists.default\">\n\t\t\t\t<div class=\"elementor-widget-container\">\n\t\t\t\t\t<div class=\"fti-services-2-area tx-section\">\r\n        <div class=\"fti-services-2-wrap\">\r\n        <div class=\"fti-services-2-slider\">\r\n            <!-- title -->\r\n            <div class=\"title-wrap\">\r\n                                <h5 class=\"fti-subtitle-3\">\r\n                    <span class=\"line subtitle-line-1\"><\/span>\r\n                    Nuestros Productos                <\/h5>\r\n                <h2 class=\"tx-title fti-section-title-3 fti-split-text fti-split-in-right-3\">Somos el Eslab\u00f3n Fuerte del Embalaje Seguro.<\/h2>            <\/div>\r\n            <!-- slider -->\r\n            <div class=\"swiper-container fix fti_services_2_active\">\r\n                <div class=\"swiper-wrapper\">\r\n\r\n                                        <div class=\"swiper-slide\">\r\n                        <div class=\"fti-services-2-item\">\r\n                                                        <div class=\"main-img img-cover\">\r\n                                <img decoding=\"async\" src=\"http:\/\/grandstrap.com\/es\/wp-content\/uploads\/2025\/05\/ihracat-konteyner.jpg\"\r\n                                alt=\"ihracat-konteyner\">\r\n                            <\/div>\r\n                                                        <div class=\"content\">\r\n                                                                <div class=\"content-bg\">\r\n                                    <img decoding=\"async\" src=\"http:\/\/grandstrap.com\/es\/wp-content\/uploads\/2024\/09\/s2-item-bg.webp\"\r\n                                    alt=\"s2-item-bg\">\r\n                                <\/div>\r\n                                \r\n                                                                <div class=\"icon-wrap\">\r\n                                    <span class=\"icon-1\">\r\n                                        <i aria-hidden=\"true\" class=\"fas fa-globe-africa\"><\/i>                                    <\/span>\r\n                                    <div class=\"divider\"><\/div>\r\n                                <\/div>\r\n                                                                <div class=\"title-wrap\">\r\n                                                                        <h5 class=\"fti-heading-2 title\">Exportaci\u00f3n y Contenedor<\/h5>\r\n                                    \r\n                                                                        <p class=\"fti-para-2 disc\">Nuestros sistemas de flejes y hebillas previenen posibles da\u00f1os durante el transporte, garantizando que los productos lleguen de manera segura a su destino final.<\/p>\r\n                                                                    <\/div>\r\n\r\n                                                            <\/div>\r\n                        <\/div>\r\n                    <\/div>\r\n                                        <div class=\"swiper-slide\">\r\n                        <div class=\"fti-services-2-item\">\r\n                                                        <div class=\"main-img img-cover\">\r\n                                <img decoding=\"async\" src=\"http:\/\/grandstrap.com\/es\/wp-content\/uploads\/2025\/05\/karayolu-denizyolu.jpg\"\r\n                                alt=\"karayolu-denizyolu\">\r\n                            <\/div>\r\n                                                        <div class=\"content\">\r\n                                                                <div class=\"content-bg\">\r\n                                    <img decoding=\"async\" src=\"http:\/\/grandstrap.com\/es\/wp-content\/uploads\/2024\/09\/s2-item-bg.webp\"\r\n                                    alt=\"s2-item-bg\">\r\n                                <\/div>\r\n                                \r\n                                                                <div class=\"icon-wrap\">\r\n                                    <span class=\"icon-1\">\r\n                                        <i aria-hidden=\"true\" class=\"fas fa-truck-moving\"><\/i>                                    <\/span>\r\n                                    <div class=\"divider\"><\/div>\r\n                                <\/div>\r\n                                                                <div class=\"title-wrap\">\r\n                                                                        <h5 class=\"fti-heading-2 title\">Transporte Terrestre y Mar\u00edtimo<\/h5>\r\n                                    \r\n                                                                        <p class=\"fti-para-2 disc\">Todos nuestros flejes y hebillas se env\u00edan al comprador tras completar controles de calidad mec\u00e1nicos y detallados, garantizando una seguridad de carga superior.<\/p>\r\n                                                                    <\/div>\r\n\r\n                                                            <\/div>\r\n                        <\/div>\r\n                    <\/div>\r\n                                        <div class=\"swiper-slide\">\r\n                        <div class=\"fti-services-2-item\">\r\n                                                        <div class=\"main-img img-cover\">\r\n                                <img decoding=\"async\" src=\"http:\/\/grandstrap.com\/es\/wp-content\/uploads\/2025\/05\/palet-kimyasallar.jpg\"\r\n                                alt=\"palet-kimyasallar\">\r\n                            <\/div>\r\n                                                        <div class=\"content\">\r\n                                                                <div class=\"content-bg\">\r\n                                    <img decoding=\"async\" src=\"http:\/\/grandstrap.com\/es\/wp-content\/uploads\/2024\/09\/s2-item-bg.webp\"\r\n                                    alt=\"s2-item-bg\">\r\n                                <\/div>\r\n                                \r\n                                                                <div class=\"icon-wrap\">\r\n                                    <span class=\"icon-1\">\r\n                                        <i aria-hidden=\"true\" class=\"fas fa-pallet\"><\/i>                                    <\/span>\r\n                                    <div class=\"divider\"><\/div>\r\n                                <\/div>\r\n                                                                <div class=\"title-wrap\">\r\n                                                                        <h5 class=\"fti-heading-2 title\">Pal\u00e9 y Productos Qu\u00edmicos<\/h5>\r\n                                    \r\n                                                                        <p class=\"fti-para-2 disc\">La combinaci\u00f3n \u00fanica de laminado y t\u00e9cnica de procesamiento garantiza la durabilidad de nuestros productos en todo tipo de condiciones de trabajo.<\/p>\r\n                                                                    <\/div>\r\n\r\n                                                            <\/div>\r\n                        <\/div>\r\n                    <\/div>\r\n                                        <div class=\"swiper-slide\">\r\n                        <div class=\"fti-services-2-item\">\r\n                                                        <div class=\"main-img img-cover\">\r\n                                <img decoding=\"async\" src=\"http:\/\/grandstrap.com\/es\/wp-content\/uploads\/2025\/05\/borular-kutukler.jpg\"\r\n                                alt=\"borular-k\u00fct\u00fckler\">\r\n                            <\/div>\r\n                                                        <div class=\"content\">\r\n                                                                <div class=\"content-bg\">\r\n                                    <img decoding=\"async\" src=\"http:\/\/grandstrap.com\/es\/wp-content\/uploads\/2024\/09\/s2-item-bg.webp\"\r\n                                    alt=\"s2-item-bg\">\r\n                                <\/div>\r\n                                \r\n                                                                <div class=\"icon-wrap\">\r\n                                    <span class=\"icon-1\">\r\n                                        <i aria-hidden=\"true\" class=\"fas fa-grip-lines\"><\/i>                                    <\/span>\r\n                                    <div class=\"divider\"><\/div>\r\n                                <\/div>\r\n                                                                <div class=\"title-wrap\">\r\n                                                                        <h5 class=\"fti-heading-2 title\">Tuber\u00edas y Lingotes<\/h5>\r\n                                    \r\n                                                                        <p class=\"fti-para-2 disc\">La seguridad de cargas pesadas es nuestro trabajo, gracias a nuestra gama de productos que ofrecemos como alternativa a los flejes de acero y metal.<\/p>\r\n                                                                    <\/div>\r\n\r\n                                                            <\/div>\r\n                        <\/div>\r\n                    <\/div>\r\n                                    <\/div>\r\n\r\n                            <\/div>\r\n        <\/div>\r\n    <\/div>\r\n<\/div>\r\n<!-- services end -->\t\t\t\t<\/div>\n\t\t\t\t<\/div>\n\t\t\t\t\t<\/div>\n\t\t<\/div>\n\t\t\t\t\t<\/div>\n\t\t<\/section>\n\t\t\t\t<section class=\"elementor-section elementor-top-section elementor-element elementor-element-a871cd6 elementor-section-boxed elementor-section-height-default elementor-section-height-default\" data-id=\"a871cd6\" data-element_type=\"section\" data-settings=\"{&quot;background_background&quot;:&quot;classic&quot;}\">\n\t\t\t\t\t\t<div class=\"elementor-container elementor-column-gap-default\">\n\t\t\t\t\t<div class=\"elementor-column elementor-col-50 elementor-top-column elementor-element elementor-element-b536e49\" data-id=\"b536e49\" data-element_type=\"column\">\n\t\t\t<div class=\"elementor-widget-wrap elementor-element-populated\">\n\t\t\t\t\t\t<div class=\"elementor-element elementor-element-dc69818 elementor-widget elementor-widget-tx_heading elh-el tx_heading\" data-id=\"dc69818\" data-element_type=\"widget\" data-settings=\"{&quot;design_style&quot;:&quot;style_2&quot;}\" data-widget_type=\"tx_heading.default\">\n\t\t\t\t<div class=\"elementor-widget-container\">\n\t\t\t\t\t<div class=\"services-title-wrap tx-heading-section\">\r\n        <h5 class=\"fti-subtitle-5 tx-subTitle\">Nuestros Productos<\/h5>\r\n    <h2 class=\"tx-title fti-section-title-5 fti-split-text \">\u00bfC\u00f3mo Elijo?<\/h2>    <\/div>\t\t\t\t<\/div>\n\t\t\t\t<\/div>\n\t\t\t\t\t<\/div>\n\t\t<\/div>\n\t\t\t\t<div class=\"elementor-column elementor-col-50 elementor-top-column elementor-element elementor-element-b4af71b\" data-id=\"b4af71b\" data-element_type=\"column\">\n\t\t\t<div class=\"elementor-widget-wrap elementor-element-populated\">\n\t\t\t\t\t\t<div class=\"elementor-element elementor-element-d797f17 elementor-widget elementor-widget-tx_heading elh-el tx_heading\" data-id=\"d797f17\" data-element_type=\"widget\" data-settings=\"{&quot;design_style&quot;:&quot;style_2&quot;}\" data-widget_type=\"tx_heading.default\">\n\t\t\t\t<div class=\"elementor-widget-container\">\n\t\t\t\t\t<div class=\"services-title-wrap tx-heading-section\">\r\n            <p class=\"tx-description fti-para-4 disc\">\r\n        \u00bfNo est\u00e1 seguro sobre los productos o lo que necesita? Podemos ayudarle a elegir.    <\/p>\r\n    <\/div>\t\t\t\t<\/div>\n\t\t\t\t<\/div>\n\t\t\t\t\t<\/div>\n\t\t<\/div>\n\t\t\t\t\t<\/div>\n\t\t<\/section>\n\t\t\t\t<section class=\"elementor-section elementor-top-section elementor-element elementor-element-d428c98 elementor-section-boxed elementor-section-height-default elementor-section-height-default\" data-id=\"d428c98\" data-element_type=\"section\" data-settings=\"{&quot;background_background&quot;:&quot;classic&quot;}\">\n\t\t\t\t\t\t<div class=\"elementor-container elementor-column-gap-default\">\n\t\t\t\t\t<div class=\"elementor-column elementor-col-100 elementor-top-column elementor-element elementor-element-3fb7965\" data-id=\"3fb7965\" data-element_type=\"column\">\n\t\t\t<div class=\"elementor-widget-wrap elementor-element-populated\">\n\t\t\t\t\t\t<section class=\"elementor-section elementor-inner-section elementor-element elementor-element-ffce7a2 elementor-section-full_width elementor-section-height-default elementor-section-height-default\" data-id=\"ffce7a2\" data-element_type=\"section\" data-settings=\"{&quot;background_background&quot;:&quot;classic&quot;}\">\n\t\t\t\t\t\t<div class=\"elementor-container elementor-column-gap-default\">\n\t\t\t\t\t<div class=\"elementor-column elementor-col-33 elementor-inner-column elementor-element elementor-element-8e72989\" data-id=\"8e72989\" data-element_type=\"column\">\n\t\t\t<div class=\"elementor-widget-wrap elementor-element-populated\">\n\t\t\t\t\t\t<div class=\"elementor-element elementor-element-9fd35fd elementor-widget elementor-widget-tx_icon_box elh-el tx_icon_box\" data-id=\"9fd35fd\" data-element_type=\"widget\" data-settings=\"{&quot;design_style&quot;:&quot;style_3&quot;}\" data-widget_type=\"tx_icon_box.default\">\n\t\t\t\t<div class=\"elementor-widget-container\">\n\t\t\t\t\t<div class=\"fti-services-5-card\">\r\n        <div class=\"icon img-cover\">\r\n                    <img decoding=\"async\" src=\"http:\/\/grandstrap.com\/es\/wp-content\/uploads\/2025\/05\/delivery-van_3624072.png\" alt=\"delivery-van_3624072\" \/>\r\n            <\/div>\r\n    \r\n        <h4 class=\"fti-heading-3 title\">\r\n        <a href=\"http:\/\/grandstrap.com\/es\/wp-content\/uploads\/2025\/07\/GrandStrap_sp_.pdf\"\r\n        target=\"_self\"\r\n        rel=\"\">\r\n            Cargas Pesadas Seguras        <\/a>\r\n    <\/h4>\r\n    \r\n        <a href=\"http:\/\/grandstrap.com\/es\/wp-content\/uploads\/2025\/07\/GrandStrap_sp_.pdf\"\r\n        target=\"_self\"\r\n        rel=\"\" class=\"link\">\r\n        <i aria-hidden=\"true\" class=\"flaticon flaticon-right-arrow\"><\/i>    <\/a>\r\n    <\/div>\t\t\t\t<\/div>\n\t\t\t\t<\/div>\n\t\t\t\t\t<\/div>\n\t\t<\/div>\n\t\t\t\t<div class=\"elementor-column elementor-col-33 elementor-inner-column elementor-element elementor-element-d543a43\" data-id=\"d543a43\" data-element_type=\"column\">\n\t\t\t<div class=\"elementor-widget-wrap elementor-element-populated\">\n\t\t\t\t\t\t<div class=\"elementor-element elementor-element-2fd5883 elementor-widget elementor-widget-tx_icon_box elh-el tx_icon_box\" data-id=\"2fd5883\" data-element_type=\"widget\" data-settings=\"{&quot;design_style&quot;:&quot;style_3&quot;}\" data-widget_type=\"tx_icon_box.default\">\n\t\t\t\t<div class=\"elementor-widget-container\">\n\t\t\t\t\t<div class=\"fti-services-5-card\">\r\n        <div class=\"icon img-cover\">\r\n                    <img decoding=\"async\" src=\"http:\/\/grandstrap.com\/es\/wp-content\/uploads\/2025\/05\/stretch_4760551.png\" alt=\"stretch_4760551\" \/>\r\n            <\/div>\r\n    \r\n        <h4 class=\"fti-heading-3 title\">\r\n        <a href=\"http:\/\/grandstrap.com\/es\/wp-content\/uploads\/2025\/07\/GrandStrap_sp_.pdf\"\r\n        target=\"_self\"\r\n        rel=\"\">\r\n            Elasticidad y Tensi\u00f3n        <\/a>\r\n    <\/h4>\r\n    \r\n        <a href=\"http:\/\/grandstrap.com\/es\/wp-content\/uploads\/2025\/07\/GrandStrap_sp_.pdf\"\r\n        target=\"_self\"\r\n        rel=\"\" class=\"link\">\r\n        <i aria-hidden=\"true\" class=\"flaticon flaticon-right-arrow\"><\/i>    <\/a>\r\n    <\/div>\t\t\t\t<\/div>\n\t\t\t\t<\/div>\n\t\t\t\t\t<\/div>\n\t\t<\/div>\n\t\t\t\t<div class=\"elementor-column elementor-col-33 elementor-inner-column elementor-element elementor-element-049cc05\" data-id=\"049cc05\" data-element_type=\"column\">\n\t\t\t<div class=\"elementor-widget-wrap elementor-element-populated\">\n\t\t\t\t\t\t<div class=\"elementor-element elementor-element-2bb03e7 elementor-widget elementor-widget-tx_icon_box elh-el tx_icon_box\" data-id=\"2bb03e7\" data-element_type=\"widget\" data-settings=\"{&quot;design_style&quot;:&quot;style_3&quot;}\" data-widget_type=\"tx_icon_box.default\">\n\t\t\t\t<div class=\"elementor-widget-container\">\n\t\t\t\t\t<div class=\"fti-services-5-card\">\r\n        <div class=\"icon img-cover\">\r\n                    <img decoding=\"async\" src=\"http:\/\/grandstrap.com\/es\/wp-content\/uploads\/2025\/05\/budget_14431124.png\" alt=\"budget_14431124\" \/>\r\n            <\/div>\r\n    \r\n        <h4 class=\"fti-heading-3 title\">\r\n        <a href=\"http:\/\/grandstrap.com\/es\/wp-content\/uploads\/2025\/07\/GrandStrap_sp_.pdf\"\r\n        target=\"_self\"\r\n        rel=\"\">\r\n            Costo Econ\u00f3mico        <\/a>\r\n    <\/h4>\r\n    \r\n        <a href=\"http:\/\/grandstrap.com\/es\/wp-content\/uploads\/2025\/07\/GrandStrap_sp_.pdf\"\r\n        target=\"_self\"\r\n        rel=\"\" class=\"link\">\r\n        <i aria-hidden=\"true\" class=\"flaticon flaticon-right-arrow\"><\/i>    <\/a>\r\n    <\/div>\t\t\t\t<\/div>\n\t\t\t\t<\/div>\n\t\t\t\t\t<\/div>\n\t\t<\/div>\n\t\t\t\t\t<\/div>\n\t\t<\/section>\n\t\t\t\t<section class=\"elementor-section elementor-inner-section elementor-element elementor-element-aa1fe58 elementor-section-full_width elementor-section-height-default elementor-section-height-default\" data-id=\"aa1fe58\" data-element_type=\"section\" data-settings=\"{&quot;background_background&quot;:&quot;classic&quot;}\">\n\t\t\t\t\t\t<div class=\"elementor-container elementor-column-gap-default\">\n\t\t\t\t\t<div class=\"elementor-column elementor-col-33 elementor-inner-column elementor-element elementor-element-5941f16\" data-id=\"5941f16\" data-element_type=\"column\">\n\t\t\t<div class=\"elementor-widget-wrap elementor-element-populated\">\n\t\t\t\t\t\t<div class=\"elementor-element elementor-element-036bfde elementor-widget elementor-widget-tx_icon_box elh-el tx_icon_box\" data-id=\"036bfde\" data-element_type=\"widget\" data-settings=\"{&quot;design_style&quot;:&quot;style_3&quot;}\" data-widget_type=\"tx_icon_box.default\">\n\t\t\t\t<div class=\"elementor-widget-container\">\n\t\t\t\t\t<div class=\"fti-services-5-card\">\r\n        <div class=\"icon img-cover\">\r\n                    <img decoding=\"async\" src=\"http:\/\/grandstrap.com\/es\/wp-content\/uploads\/2025\/05\/forecast_2242747.png\" alt=\"forecast_2242747\" \/>\r\n            <\/div>\r\n    \r\n        <h4 class=\"fti-heading-3 title\">\r\n        <a href=\"http:\/\/grandstrap.com\/es\/wp-content\/uploads\/2025\/07\/GrandStrap_sp_.pdf\"\r\n        target=\"_self\"\r\n        rel=\"\">\r\n            Condiciones Clim\u00e1ticas Extremas        <\/a>\r\n    <\/h4>\r\n    \r\n        <a href=\"http:\/\/grandstrap.com\/es\/wp-content\/uploads\/2025\/07\/GrandStrap_sp_.pdf\"\r\n        target=\"_self\"\r\n        rel=\"\" class=\"link\">\r\n        <i aria-hidden=\"true\" class=\"flaticon flaticon-right-arrow\"><\/i>    <\/a>\r\n    <\/div>\t\t\t\t<\/div>\n\t\t\t\t<\/div>\n\t\t\t\t\t<\/div>\n\t\t<\/div>\n\t\t\t\t<div class=\"elementor-column elementor-col-33 elementor-inner-column elementor-element elementor-element-2aaff0e\" data-id=\"2aaff0e\" data-element_type=\"column\">\n\t\t\t<div class=\"elementor-widget-wrap elementor-element-populated\">\n\t\t\t\t\t\t<div class=\"elementor-element elementor-element-0a001c4 elementor-widget elementor-widget-tx_icon_box elh-el tx_icon_box\" data-id=\"0a001c4\" data-element_type=\"widget\" data-settings=\"{&quot;design_style&quot;:&quot;style_3&quot;}\" data-widget_type=\"tx_icon_box.default\">\n\t\t\t\t<div class=\"elementor-widget-container\">\n\t\t\t\t\t<div class=\"fti-services-5-card\">\r\n        <div class=\"icon img-cover\">\r\n                    <img decoding=\"async\" src=\"http:\/\/grandstrap.com\/es\/wp-content\/uploads\/2025\/05\/parcel_5340735.png\" alt=\"parcel_5340735\" \/>\r\n            <\/div>\r\n    \r\n        <h4 class=\"fti-heading-3 title\">\r\n        <a href=\"http:\/\/grandstrap.com\/es\/wp-content\/uploads\/2025\/07\/GrandStrap_sp_.pdf\"\r\n        target=\"_self\"\r\n        rel=\"\">\r\n            Producto Fr\u00e1gil y Delicado        <\/a>\r\n    <\/h4>\r\n    \r\n        <a href=\"http:\/\/grandstrap.com\/es\/wp-content\/uploads\/2025\/07\/GrandStrap_sp_.pdf\"\r\n        target=\"_self\"\r\n        rel=\"\" class=\"link\">\r\n        <i aria-hidden=\"true\" class=\"flaticon flaticon-right-arrow\"><\/i>    <\/a>\r\n    <\/div>\t\t\t\t<\/div>\n\t\t\t\t<\/div>\n\t\t\t\t\t<\/div>\n\t\t<\/div>\n\t\t\t\t<div class=\"elementor-column elementor-col-33 elementor-inner-column elementor-element elementor-element-8e60575\" data-id=\"8e60575\" data-element_type=\"column\">\n\t\t\t<div class=\"elementor-widget-wrap elementor-element-populated\">\n\t\t\t\t\t\t<div class=\"elementor-element elementor-element-44132f8 elementor-widget elementor-widget-tx_icon_box elh-el tx_icon_box\" data-id=\"44132f8\" data-element_type=\"widget\" data-settings=\"{&quot;design_style&quot;:&quot;style_3&quot;}\" data-widget_type=\"tx_icon_box.default\">\n\t\t\t\t<div class=\"elementor-widget-container\">\n\t\t\t\t\t<div class=\"fti-services-5-card\">\r\n        <div class=\"icon img-cover\">\r\n                    <img decoding=\"async\" src=\"http:\/\/grandstrap.com\/es\/wp-content\/uploads\/2025\/05\/chemical-safety_17337767.png\" alt=\"chemical-safety_17337767\" \/>\r\n            <\/div>\r\n    \r\n        <h4 class=\"fti-heading-3 title\">\r\n        <a href=\"http:\/\/grandstrap.com\/es\/wp-content\/uploads\/2025\/07\/GrandStrap_sp_.pdf\"\r\n        target=\"_self\"\r\n        rel=\"\">\r\n            Resistencia a Productos Qu\u00edmicos        <\/a>\r\n    <\/h4>\r\n    \r\n        <a href=\"http:\/\/grandstrap.com\/es\/wp-content\/uploads\/2025\/07\/GrandStrap_sp_.pdf\"\r\n        target=\"_self\"\r\n        rel=\"\" class=\"link\">\r\n        <i aria-hidden=\"true\" class=\"flaticon flaticon-right-arrow\"><\/i>    <\/a>\r\n    <\/div>\t\t\t\t<\/div>\n\t\t\t\t<\/div>\n\t\t\t\t\t<\/div>\n\t\t<\/div>\n\t\t\t\t\t<\/div>\n\t\t<\/section>\n\t\t\t\t\t<\/div>\n\t\t<\/div>\n\t\t\t\t\t<\/div>\n\t\t<\/section>\n\t\t\t\t<\/div>\n\t\t","protected":false},"excerpt":{"rendered":"<p>Nuestros Productos Somos el Eslab\u00f3n Fuerte del Embalaje Seguro. Nuestros Productos Somos el Eslab\u00f3n Fuerte del Embalaje Seguro. Exportaci\u00f3n y Contenedor Nuestros sistemas de flejes y hebillas previenen posibles da\u00f1os durante el transporte, garantizando que los productos lleguen de manera segura a su destino final. Transporte Terrestre y Mar\u00edtimo Todos nuestros flejes y hebillas se [&hellip;]<\/p>\n","protected":false},"author":1,"featured_media":0,"parent":0,"menu_order":0,"comment_status":"closed","ping_status":"closed","template":"elementor_header_footer","meta":{"inline_featured_image":false,"footnotes":""},"class_list":["post-52","page","type-page","status-publish","hentry"],"_links":{"self":[{"href":"https:\/\/grandstrap.com\/es\/wp-json\/wp\/v2\/pages\/52","targetHints":{"allow":["GET"]}}],"collection":[{"href":"https:\/\/grandstrap.com\/es\/wp-json\/wp\/v2\/pages"}],"about":[{"href":"https:\/\/grandstrap.com\/es\/wp-json\/wp\/v2\/types\/page"}],"author":[{"embeddable":true,"href":"https:\/\/grandstrap.com\/es\/wp-json\/wp\/v2\/users\/1"}],"replies":[{"embeddable":true,"href":"https:\/\/grandstrap.com\/es\/wp-json\/wp\/v2\/comments?post=52"}],"version-history":[{"count":61,"href":"https:\/\/grandstrap.com\/es\/wp-json\/wp\/v2\/pages\/52\/revisions"}],"predecessor-version":[{"id":5310,"href":"https:\/\/grandstrap.com\/es\/wp-json\/wp\/v2\/pages\/52\/revisions\/5310"}],"wp:attachment":[{"href":"https:\/\/grandstrap.com\/es\/wp-json\/wp\/v2\/media?parent=52"}],"curies":[{"name":"wp","href":"https:\/\/api.w.org\/{rel}","templated":true}]}}