{"id":24,"date":"2024-08-04T07:39:38","date_gmt":"2024-08-04T07:39:38","guid":{"rendered":"https:\/\/themexriver.com\/wp\/indsro\/?page_id=24"},"modified":"2025-07-24T20:26:52","modified_gmt":"2025-07-24T20:26:52","slug":"hakkimizda","status":"publish","type":"page","link":"https:\/\/grandstrap.com\/tr\/hakkimizda\/","title":{"rendered":"Hakk\u0131m\u0131zda"},"content":{"rendered":"\t\t<div data-elementor-type=\"wp-page\" data-elementor-id=\"24\" class=\"elementor elementor-24\">\n\t\t\t\t\t\t<section class=\"elementor-section elementor-top-section elementor-element elementor-element-8d5e257 elementor-section-full_width elementor-section-height-default elementor-section-height-default\" data-id=\"8d5e257\" data-element_type=\"section\">\n\t\t\t\t\t\t<div class=\"elementor-container elementor-column-gap-default\">\n\t\t\t\t\t<div class=\"elementor-column elementor-col-100 elementor-top-column elementor-element elementor-element-ad59e27\" data-id=\"ad59e27\" data-element_type=\"column\">\n\t\t\t<div class=\"elementor-widget-wrap elementor-element-populated\">\n\t\t\t\t\t\t<div class=\"elementor-element elementor-element-a5d5450 elementor-widget elementor-widget-tx_about elh-el tx_about\" data-id=\"a5d5450\" data-element_type=\"widget\" data-settings=\"{&quot;design_style&quot;:&quot;style_1&quot;}\" data-widget_type=\"tx_about.default\">\n\t\t\t\t<div class=\"elementor-widget-container\">\n\t\t\t\t\t<div class=\"fti-solution-3-area fti-class-add tx-section\">\r\n    <div class=\"container fti-container-8\">\r\n        <div class=\"fti-solution-3-wrap\">\r\n            <!-- main image  -->\r\n                        <div class=\"main-img\">\r\n                <img decoding=\"async\"\r\n                src=\"http:\/\/grandstrap.com\/tr\/wp-content\/uploads\/2025\/05\/biz-kimiz-4.jpg\"\r\n                alt=\"biz-kimiz-4\">\r\n            <\/div>\r\n            \r\n            <!-- content  -->\r\n            <div class=\"content\">\r\n                <!-- title -->\r\n                <div class=\"solution-title-wrap\">\r\n                                        <h5 class=\"fti-subtitle-4\">Grandstrap<\/h5>\r\n                    <h2 class=\"tx-title fti-section-title-4 fti-split-text fti-split-in-right-4\">Hakk\u0131m\u0131zda<\/h2>                <\/div>\r\n                <div class=\"solution-bottom\">\r\n                                        <div class=\"img-wrap\">\r\n                        <img decoding=\"async\"\r\n                        src=\"http:\/\/grandstrap.com\/tr\/wp-content\/uploads\/2025\/05\/biz-kimiz-3.jpg\"\r\n                        alt=\"biz-kimiz-3\">\r\n                    <\/div>\r\n                    \r\n                    <div class=\"info\">\r\n                                                <p class=\"fti-para-3-small disc\">2017 y\u0131l\u0131nda \u0130stanbul End\u00fcstri B\u00f6lgesi\u2019nde kurulan firmam\u0131z, kompozit lifli \u00e7ember, hotmelt tekstil \u00e7ember, balya pres \u00e7emberi ve \u00e7ember tokalar\u0131 \u00fcretiminde uzmanla\u015fm\u0131\u015ft\u0131r. A\u011f\u0131r sanayiden lojisti\u011fe kadar geni\u015f bir yelpazede kullan\u0131lan \u00fcr\u00fcnlerimiz, d\u00fcnya genelinde 20\u2019den fazla \u00fclkeye ihra\u00e7 edilmektedir. Kaliteye olan ba\u011fl\u0131l\u0131\u011f\u0131m\u0131z ve m\u00fc\u015fteri memnuniyetine verdi\u011fimiz \u00f6nemle, i\u015f ortaklar\u0131m\u0131za uzun vadeli \u00e7\u00f6z\u00fcmler sunuyoruz.<\/p>\r\n                        \r\n                                            <\/div>\r\n                <\/div>\r\n            <\/div>\r\n        <\/div>\r\n    <\/div>\r\n<\/div>\t\t\t\t<\/div>\n\t\t\t\t<\/div>\n\t\t\t\t\t<\/div>\n\t\t<\/div>\n\t\t\t\t\t<\/div>\n\t\t<\/section>\n\t\t\t\t<section class=\"elementor-section elementor-top-section elementor-element elementor-element-9ec65c6 elementor-section-boxed elementor-section-height-default elementor-section-height-default\" data-id=\"9ec65c6\" data-element_type=\"section\">\n\t\t\t\t\t\t<div class=\"elementor-container elementor-column-gap-no\">\n\t\t\t\t\t<div class=\"elementor-column elementor-col-100 elementor-top-column elementor-element elementor-element-506c002\" data-id=\"506c002\" data-element_type=\"column\">\n\t\t\t<div class=\"elementor-widget-wrap elementor-element-populated\">\n\t\t\t\t\t\t<div class=\"elementor-element elementor-element-b43ba12 elementor-widget elementor-widget-tx_heading elh-el tx_heading\" data-id=\"b43ba12\" data-element_type=\"widget\" data-settings=\"{&quot;design_style&quot;:&quot;style_1&quot;}\" data-widget_type=\"tx_heading.default\">\n\t\t\t\t<div class=\"elementor-widget-container\">\n\t\t\t\t\t<div class=\"services-title-wrap tx-heading-section\">\r\n        <h5 class=\"fti-subtitle-4 tx-subTitle\">\u00dcr\u00fcnlerimiz<\/h5>\r\n    <h2 class=\"tx-title fti-section-title-4 fti-split-text fti-split-in-right-4 \">G\u00fcvenli Paketlemenin<br> G\u00fc\u00e7l\u00fc Halkas\u0131y\u0131z<\/h2>    <\/div>\t\t\t\t<\/div>\n\t\t\t\t<\/div>\n\t\t\t\t\t<\/div>\n\t\t<\/div>\n\t\t\t\t\t<\/div>\n\t\t<\/section>\n\t\t\t\t<section class=\"elementor-section elementor-top-section elementor-element elementor-element-481a742 elementor-section-height-min-height elementor-section-items-top elementor-section-boxed elementor-section-height-default\" data-id=\"481a742\" data-element_type=\"section\">\n\t\t\t\t\t\t<div class=\"elementor-container elementor-column-gap-default\">\n\t\t\t\t\t<div class=\"elementor-column elementor-col-25 elementor-top-column elementor-element elementor-element-aca305b\" data-id=\"aca305b\" data-element_type=\"column\">\n\t\t\t<div class=\"elementor-widget-wrap elementor-element-populated\">\n\t\t\t\t\t\t<div class=\"elementor-element elementor-element-30b89fa elementor-widget elementor-widget-tx_info_box elh-el tx_info_box\" data-id=\"30b89fa\" data-element_type=\"widget\" data-settings=\"{&quot;design_style&quot;:&quot;style_10&quot;}\" data-widget_type=\"tx_info_box.default\">\n\t\t\t\t<div class=\"elementor-widget-container\">\n\t\t\t\t\t<div class=\"fti-services-2-item\">\r\n        <div class=\"main-img img-cover\">\r\n        <img decoding=\"async\" src=\"http:\/\/grandstrap.com\/tr\/wp-content\/uploads\/2025\/05\/ihracat-konteyner.jpg\"\r\n        alt=\"ihracat-konteyner\" \/>\r\n    <\/div>\r\n        <div class=\"content\">\r\n        \r\n                <div class=\"icon-wrap\">\r\n            <span class=\"icon-1\">\r\n                <i aria-hidden=\"true\" class=\"fas fa-globe-africa\"><\/i>            <\/span>\r\n            <div class=\"divider\"><\/div>\r\n        <\/div>\r\n        \r\n        <div class=\"title-wrap\">\r\n                        <h5 class=\"fti-heading-2 title\">\r\n                <a\r\n                    href=\"https:\/\/grandstrap.com\/tr\/urunlerimiz\/\"\r\n                    target=\"_self\"\r\n                    rel= \"\"\r\n                    aria-label=\"\u0130hracat &amp; Konteyner\">\r\n                    \u0130hracat &amp; Konteyner                <\/a>\r\n            <\/h5>\r\n                                    <p class=\"fti-para-2 disc\">\u00c7ember ve toka sistemlerimiz nakliye s\u00fcrecindeki olas\u0131 hasarlar\u0131 engelleyerek \u00fcr\u00fcnlerin hedef destinasyona g\u00fcvenle ula\u015fmas\u0131n\u0131 sa\u011flar.<\/p>\r\n                    <\/div>\r\n\r\n        <!-- btn  -->\r\n        <div class=\"btn-wrap\">\r\n            <a class=\"services-2-btn\"\r\n            href=\"https:\/\/grandstrap.com\/tr\/urunlerimiz\/\"\r\n            target=\"_self\"\r\n            rel= \"\"\r\n            aria-label=\"\u0130hracat &amp; Konteyner\">\r\n                                <span class=\"btn-text\">\r\n                    \u00dcr\u00fcnlerimiz                <\/span>\r\n                \r\n                                <span class=\"icon\">\r\n                                    <\/span>\r\n                            <\/a>\r\n        <\/div>\r\n    <\/div>\r\n<\/div>\t\t\t\t<\/div>\n\t\t\t\t<\/div>\n\t\t\t\t\t<\/div>\n\t\t<\/div>\n\t\t\t\t<div class=\"elementor-column elementor-col-25 elementor-top-column elementor-element elementor-element-32fe195\" data-id=\"32fe195\" data-element_type=\"column\">\n\t\t\t<div class=\"elementor-widget-wrap elementor-element-populated\">\n\t\t\t\t\t\t<div class=\"elementor-element elementor-element-bccf637 elementor-widget elementor-widget-tx_info_box elh-el tx_info_box\" data-id=\"bccf637\" data-element_type=\"widget\" data-settings=\"{&quot;design_style&quot;:&quot;style_10&quot;}\" data-widget_type=\"tx_info_box.default\">\n\t\t\t\t<div class=\"elementor-widget-container\">\n\t\t\t\t\t<div class=\"fti-services-2-item\">\r\n        <div class=\"main-img img-cover\">\r\n        <img decoding=\"async\" src=\"http:\/\/grandstrap.com\/tr\/wp-content\/uploads\/2025\/05\/karayolu-denizyolu.jpg\"\r\n        alt=\"karayolu-denizyolu\" \/>\r\n    <\/div>\r\n        <div class=\"content\">\r\n        \r\n                <div class=\"icon-wrap\">\r\n            <span class=\"icon-1\">\r\n                <i aria-hidden=\"true\" class=\"fas fa-truck-moving\"><\/i>            <\/span>\r\n            <div class=\"divider\"><\/div>\r\n        <\/div>\r\n        \r\n        <div class=\"title-wrap\">\r\n                        <h5 class=\"fti-heading-2 title\">\r\n                <a\r\n                    href=\"https:\/\/grandstrap.com\/tr\/urunlerimiz\/\"\r\n                    target=\"_self\"\r\n                    rel= \"\"\r\n                    aria-label=\"Karayolu &amp; Denizyolu\">\r\n                    Karayolu &amp; Denizyolu                <\/a>\r\n            <\/h5>\r\n                                    <p class=\"fti-para-2 disc\">T\u00fcm \u00e7ember ve tokalar\u0131m\u0131z \u00fcst\u00fcn bir y\u00fck g\u00fcvenli\u011fi sa\u011flamas\u0131 a\u00e7\u0131s\u0131ndan mekanik ve detayl\u0131 kalite kontrolleri tamamland\u0131ktan sonra al\u0131c\u0131ya g\u00f6nderilmektedir.<\/p>\r\n                    <\/div>\r\n\r\n        <!-- btn  -->\r\n        <div class=\"btn-wrap\">\r\n            <a class=\"services-2-btn\"\r\n            href=\"https:\/\/grandstrap.com\/tr\/urunlerimiz\/\"\r\n            target=\"_self\"\r\n            rel= \"\"\r\n            aria-label=\"Karayolu &amp; Denizyolu\">\r\n                                <span class=\"btn-text\">\r\n                    \u00dcr\u00fcnlerimiz                <\/span>\r\n                \r\n                                <span class=\"icon\">\r\n                                    <\/span>\r\n                            <\/a>\r\n        <\/div>\r\n    <\/div>\r\n<\/div>\t\t\t\t<\/div>\n\t\t\t\t<\/div>\n\t\t\t\t\t<\/div>\n\t\t<\/div>\n\t\t\t\t<div class=\"elementor-column elementor-col-25 elementor-top-column elementor-element elementor-element-284ffd4\" data-id=\"284ffd4\" data-element_type=\"column\">\n\t\t\t<div class=\"elementor-widget-wrap elementor-element-populated\">\n\t\t\t\t\t\t<div class=\"elementor-element elementor-element-712251c elementor-widget elementor-widget-tx_info_box elh-el tx_info_box\" data-id=\"712251c\" data-element_type=\"widget\" data-settings=\"{&quot;design_style&quot;:&quot;style_10&quot;}\" data-widget_type=\"tx_info_box.default\">\n\t\t\t\t<div class=\"elementor-widget-container\">\n\t\t\t\t\t<div class=\"fti-services-2-item\">\r\n        <div class=\"main-img img-cover\">\r\n        <img decoding=\"async\" src=\"http:\/\/grandstrap.com\/tr\/wp-content\/uploads\/2025\/05\/palet-kimyasallar.jpg\"\r\n        alt=\"palet-kimyasallar\" \/>\r\n    <\/div>\r\n        <div class=\"content\">\r\n        \r\n                <div class=\"icon-wrap\">\r\n            <span class=\"icon-1\">\r\n                <i aria-hidden=\"true\" class=\"fas fa-pallet\"><\/i>            <\/span>\r\n            <div class=\"divider\"><\/div>\r\n        <\/div>\r\n        \r\n        <div class=\"title-wrap\">\r\n                        <h5 class=\"fti-heading-2 title\">\r\n                <a\r\n                    href=\"https:\/\/grandstrap.com\/tr\/urunlerimiz\/\"\r\n                    target=\"_self\"\r\n                    rel= \"\"\r\n                    aria-label=\"Palet &amp; Kimyasallar\">\r\n                    Palet &amp; Kimyasallar                <\/a>\r\n            <\/h5>\r\n                                    <p class=\"fti-para-2 disc\">E\u015fsiz bir lamine ve i\u015flem tekni\u011fi kombinasyonuna sahip olmas\u0131 \u00fcr\u00fcnlerimizin her t\u00fcrl\u00fc \u00e7al\u0131\u015fma ko\u015fullar\u0131nda dayan\u0131kl\u0131l\u0131\u011f\u0131n\u0131 sa\u011flamaktad\u0131r.<\/p>\r\n                    <\/div>\r\n\r\n        <!-- btn  -->\r\n        <div class=\"btn-wrap\">\r\n            <a class=\"services-2-btn\"\r\n            href=\"https:\/\/grandstrap.com\/tr\/urunlerimiz\/\"\r\n            target=\"_self\"\r\n            rel= \"\"\r\n            aria-label=\"Palet &amp; Kimyasallar\">\r\n                                <span class=\"btn-text\">\r\n                    \u00dcr\u00fcnlerimiz                <\/span>\r\n                \r\n                                <span class=\"icon\">\r\n                                    <\/span>\r\n                            <\/a>\r\n        <\/div>\r\n    <\/div>\r\n<\/div>\t\t\t\t<\/div>\n\t\t\t\t<\/div>\n\t\t\t\t\t<\/div>\n\t\t<\/div>\n\t\t\t\t<div class=\"elementor-column elementor-col-25 elementor-top-column elementor-element elementor-element-00edc4b\" data-id=\"00edc4b\" data-element_type=\"column\">\n\t\t\t<div class=\"elementor-widget-wrap elementor-element-populated\">\n\t\t\t\t\t\t<div class=\"elementor-element elementor-element-975d33c elementor-widget elementor-widget-tx_info_box elh-el tx_info_box\" data-id=\"975d33c\" data-element_type=\"widget\" data-settings=\"{&quot;design_style&quot;:&quot;style_10&quot;}\" data-widget_type=\"tx_info_box.default\">\n\t\t\t\t<div class=\"elementor-widget-container\">\n\t\t\t\t\t<div class=\"fti-services-2-item\">\r\n        <div class=\"main-img img-cover\">\r\n        <img decoding=\"async\" src=\"http:\/\/grandstrap.com\/tr\/wp-content\/uploads\/2025\/05\/borular-kutukler.jpg\"\r\n        alt=\"borular-k\u00fct\u00fckler\" \/>\r\n    <\/div>\r\n        <div class=\"content\">\r\n        \r\n                <div class=\"icon-wrap\">\r\n            <span class=\"icon-1\">\r\n                <i aria-hidden=\"true\" class=\"fas fa-grip-lines\"><\/i>            <\/span>\r\n            <div class=\"divider\"><\/div>\r\n        <\/div>\r\n        \r\n        <div class=\"title-wrap\">\r\n                        <h5 class=\"fti-heading-2 title\">\r\n                <a\r\n                    href=\"https:\/\/grandstrap.com\/tr\/urunlerimiz\/\"\r\n                    target=\"_self\"\r\n                    rel= \"\"\r\n                    aria-label=\"Borular &amp; K\u00fct\u00fckler\">\r\n                    Borular &amp; K\u00fct\u00fckler                <\/a>\r\n            <\/h5>\r\n                                    <p class=\"fti-para-2 disc\">A\u011f\u0131r y\u00fcklerin g\u00fcvenli\u011fi \u00e7elik ve metal \u00e7emberlere alternatif olarak sundu\u011fumuz \u00fcr\u00fcn \u00e7e\u015fidimiz ile bizim i\u015fimizdir.<\/p>\r\n                    <\/div>\r\n\r\n        <!-- btn  -->\r\n        <div class=\"btn-wrap\">\r\n            <a class=\"services-2-btn\"\r\n            href=\"https:\/\/grandstrap.com\/tr\/urunlerimiz\/\"\r\n            target=\"_self\"\r\n            rel= \"\"\r\n            aria-label=\"Borular &amp; K\u00fct\u00fckler\">\r\n                                <span class=\"btn-text\">\r\n                    \u00dcr\u00fcnlerimiz                <\/span>\r\n                \r\n                                <span class=\"icon\">\r\n                                    <\/span>\r\n                            <\/a>\r\n        <\/div>\r\n    <\/div>\r\n<\/div>\t\t\t\t<\/div>\n\t\t\t\t<\/div>\n\t\t\t\t\t<\/div>\n\t\t<\/div>\n\t\t\t\t\t<\/div>\n\t\t<\/section>\n\t\t\t\t<section class=\"elementor-section elementor-top-section elementor-element elementor-element-5295153 elementor-section-boxed elementor-section-height-default elementor-section-height-default\" data-id=\"5295153\" data-element_type=\"section\">\n\t\t\t\t\t\t<div class=\"elementor-container elementor-column-gap-no\">\n\t\t\t\t\t<div class=\"elementor-column elementor-col-50 elementor-top-column elementor-element elementor-element-39b3fce\" data-id=\"39b3fce\" data-element_type=\"column\">\n\t\t\t<div class=\"elementor-widget-wrap elementor-element-populated\">\n\t\t\t\t\t\t<div class=\"elementor-element elementor-element-9a55f3e elementor-widget elementor-widget-tx_heading elh-el tx_heading\" data-id=\"9a55f3e\" data-element_type=\"widget\" data-settings=\"{&quot;design_style&quot;:&quot;style_1&quot;}\" data-widget_type=\"tx_heading.default\">\n\t\t\t\t<div class=\"elementor-widget-container\">\n\t\t\t\t\t<div class=\"services-title-wrap tx-heading-section\">\r\n        <h5 class=\"fti-subtitle-4 tx-subTitle\">grandstrap<\/h5>\r\n    <h2 class=\"tx-title fti-section-title-4 fti-split-text fti-split-in-right-4 \">150'den fazla global m\u00fc\u015fterimize hizmet veriyoruz.<\/h2>    <\/div>\t\t\t\t<\/div>\n\t\t\t\t<\/div>\n\t\t\t\t\t<\/div>\n\t\t<\/div>\n\t\t\t\t<div class=\"elementor-column elementor-col-50 elementor-top-column elementor-element elementor-element-ce7c26d\" data-id=\"ce7c26d\" data-element_type=\"column\">\n\t\t\t<div class=\"elementor-widget-wrap elementor-element-populated\">\n\t\t\t\t\t\t<div class=\"elementor-element elementor-element-b155ebc elementor-widget elementor-widget-tx_brand elh-el tx_brand\" data-id=\"b155ebc\" data-element_type=\"widget\" data-settings=\"{&quot;design_style&quot;:&quot;style_1&quot;}\" data-widget_type=\"tx_brand.default\">\n\t\t\t\t<div class=\"elementor-widget-container\">\n\t\t\t\t\t<div class=\"fti-client-3-logo-wrap\">\r\n        <div class=\"logo\">\r\n        <div class=\"item-one\">\r\n            <img decoding=\"async\" src=\"http:\/\/grandstrap.com\/tr\/wp-content\/uploads\/2024\/08\/c3-logo-1.webp\" alt=\"\">\r\n        <\/div>\r\n        <div class=\"item-two\">\r\n            <img decoding=\"async\" src=\"http:\/\/grandstrap.com\/tr\/wp-content\/uploads\/2024\/08\/c3-logo-1.webp\" alt=\"\">\r\n        <\/div>\r\n    <\/div>\r\n        <div class=\"logo\">\r\n        <div class=\"item-one\">\r\n            <img decoding=\"async\" src=\"http:\/\/grandstrap.com\/tr\/wp-content\/uploads\/2024\/08\/c3-logo-6.webp\" alt=\"\">\r\n        <\/div>\r\n        <div class=\"item-two\">\r\n            <img decoding=\"async\" src=\"http:\/\/grandstrap.com\/tr\/wp-content\/uploads\/2024\/08\/c3-logo-6.webp\" alt=\"\">\r\n        <\/div>\r\n    <\/div>\r\n        <div class=\"logo\">\r\n        <div class=\"item-one\">\r\n            <img decoding=\"async\" src=\"http:\/\/grandstrap.com\/tr\/wp-content\/uploads\/2024\/08\/c3-logo-2.webp\" alt=\"\">\r\n        <\/div>\r\n        <div class=\"item-two\">\r\n            <img decoding=\"async\" src=\"http:\/\/grandstrap.com\/tr\/wp-content\/uploads\/2024\/08\/c3-logo-2.webp\" alt=\"\">\r\n        <\/div>\r\n    <\/div>\r\n        <div class=\"logo\">\r\n        <div class=\"item-one\">\r\n            <img decoding=\"async\" src=\"http:\/\/grandstrap.com\/tr\/wp-content\/uploads\/2024\/08\/c3-logo-3.webp\" alt=\"\">\r\n        <\/div>\r\n        <div class=\"item-two\">\r\n            <img decoding=\"async\" src=\"http:\/\/grandstrap.com\/tr\/wp-content\/uploads\/2024\/08\/c3-logo-3.webp\" alt=\"\">\r\n        <\/div>\r\n    <\/div>\r\n        <div class=\"logo\">\r\n        <div class=\"item-one\">\r\n            <img decoding=\"async\" src=\"http:\/\/grandstrap.com\/tr\/wp-content\/uploads\/2024\/08\/c3-logo-4.webp\" alt=\"\">\r\n        <\/div>\r\n        <div class=\"item-two\">\r\n            <img decoding=\"async\" src=\"http:\/\/grandstrap.com\/tr\/wp-content\/uploads\/2024\/08\/c3-logo-4.webp\" alt=\"\">\r\n        <\/div>\r\n    <\/div>\r\n        <div class=\"logo\">\r\n        <div class=\"item-one\">\r\n            <img decoding=\"async\" src=\"http:\/\/grandstrap.com\/tr\/wp-content\/uploads\/2024\/08\/c3-logo-5.webp\" alt=\"\">\r\n        <\/div>\r\n        <div class=\"item-two\">\r\n            <img decoding=\"async\" src=\"http:\/\/grandstrap.com\/tr\/wp-content\/uploads\/2024\/08\/c3-logo-5.webp\" alt=\"\">\r\n        <\/div>\r\n    <\/div>\r\n    <\/div>\t\t\t\t<\/div>\n\t\t\t\t<\/div>\n\t\t\t\t\t<\/div>\n\t\t<\/div>\n\t\t\t\t\t<\/div>\n\t\t<\/section>\n\t\t\t\t<\/div>\n\t\t","protected":false},"excerpt":{"rendered":"<p>Grandstrap Hakk\u0131m\u0131zda 2017 y\u0131l\u0131nda \u0130stanbul End\u00fcstri B\u00f6lgesi\u2019nde kurulan firmam\u0131z, kompozit lifli \u00e7ember, hotmelt tekstil \u00e7ember, balya pres \u00e7emberi ve \u00e7ember tokalar\u0131 \u00fcretiminde uzmanla\u015fm\u0131\u015ft\u0131r. A\u011f\u0131r sanayiden lojisti\u011fe kadar geni\u015f bir yelpazede kullan\u0131lan \u00fcr\u00fcnlerimiz, d\u00fcnya genelinde 20\u2019den fazla \u00fclkeye ihra\u00e7 edilmektedir. Kaliteye olan ba\u011fl\u0131l\u0131\u011f\u0131m\u0131z ve m\u00fc\u015fteri memnuniyetine verdi\u011fimiz \u00f6nemle, i\u015f ortaklar\u0131m\u0131za uzun vadeli \u00e7\u00f6z\u00fcmler sunuyoruz. \u00dcr\u00fcnlerimiz G\u00fcvenli [&hellip;]<\/p>\n","protected":false},"author":1,"featured_media":5130,"parent":0,"menu_order":0,"comment_status":"closed","ping_status":"closed","template":"elementor_header_footer","meta":{"inline_featured_image":false,"footnotes":""},"class_list":["post-24","page","type-page","status-publish","has-post-thumbnail","hentry"],"_links":{"self":[{"href":"https:\/\/grandstrap.com\/tr\/wp-json\/wp\/v2\/pages\/24","targetHints":{"allow":["GET"]}}],"collection":[{"href":"https:\/\/grandstrap.com\/tr\/wp-json\/wp\/v2\/pages"}],"about":[{"href":"https:\/\/grandstrap.com\/tr\/wp-json\/wp\/v2\/types\/page"}],"author":[{"embeddable":true,"href":"https:\/\/grandstrap.com\/tr\/wp-json\/wp\/v2\/users\/1"}],"replies":[{"embeddable":true,"href":"https:\/\/grandstrap.com\/tr\/wp-json\/wp\/v2\/comments?post=24"}],"version-history":[{"count":27,"href":"https:\/\/grandstrap.com\/tr\/wp-json\/wp\/v2\/pages\/24\/revisions"}],"predecessor-version":[{"id":5241,"href":"https:\/\/grandstrap.com\/tr\/wp-json\/wp\/v2\/pages\/24\/revisions\/5241"}],"wp:featuredmedia":[{"embeddable":true,"href":"https:\/\/grandstrap.com\/tr\/wp-json\/wp\/v2\/media\/5130"}],"wp:attachment":[{"href":"https:\/\/grandstrap.com\/tr\/wp-json\/wp\/v2\/media?parent=24"}],"curies":[{"name":"wp","href":"https:\/\/api.w.org\/{rel}","templated":true}]}}