{"id":52,"date":"2024-08-04T07:42:52","date_gmt":"2024-08-04T07:42:52","guid":{"rendered":"https:\/\/themexriver.com\/wp\/indsro\/?page_id=52"},"modified":"2025-07-24T22:35:10","modified_gmt":"2025-07-24T22:35:10","slug":"urunlerimiz","status":"publish","type":"page","link":"https:\/\/grandstrap.com\/tr\/urunlerimiz\/","title":{"rendered":"\u00dcr\u00fcnlerimiz"},"content":{"rendered":"\t\t<div data-elementor-type=\"wp-page\" data-elementor-id=\"52\" class=\"elementor elementor-52\">\n\t\t\t\t\t\t<section class=\"elementor-section elementor-top-section elementor-element elementor-element-155fc86 elementor-section-boxed elementor-section-height-default elementor-section-height-default\" data-id=\"155fc86\" data-element_type=\"section\">\n\t\t\t\t\t\t<div class=\"elementor-container elementor-column-gap-no\">\n\t\t\t\t\t<div class=\"elementor-column elementor-col-100 elementor-top-column elementor-element elementor-element-9aedef8\" data-id=\"9aedef8\" data-element_type=\"column\">\n\t\t\t<div class=\"elementor-widget-wrap elementor-element-populated\">\n\t\t\t\t\t\t<div class=\"elementor-element elementor-element-f2a94af elementor-widget elementor-widget-tx_heading elh-el tx_heading\" data-id=\"f2a94af\" data-element_type=\"widget\" data-settings=\"{&quot;design_style&quot;:&quot;style_1&quot;}\" data-widget_type=\"tx_heading.default\">\n\t\t\t\t<div class=\"elementor-widget-container\">\n\t\t\t\t\t<div class=\"services-title-wrap tx-heading-section\">\r\n        <h5 class=\"fti-subtitle-4 tx-subTitle\">\u00dcr\u00fcnlerimiz<\/h5>\r\n    <h2 class=\"tx-title fti-section-title-4 fti-split-text fti-split-in-right-4 \">G\u00fcvenli Paketlemenin\n<br>G\u00fc\u00e7l\u00fc Halkas\u0131y\u0131z<\/h2>    <\/div>\t\t\t\t<\/div>\n\t\t\t\t<\/div>\n\t\t\t\t\t<\/div>\n\t\t<\/div>\n\t\t\t\t\t<\/div>\n\t\t<\/section>\n\t\t\t\t<section class=\"elementor-section elementor-top-section elementor-element elementor-element-9589afc elementor-section-full_width elementor-section-height-default elementor-section-height-default\" data-id=\"9589afc\" data-element_type=\"section\">\n\t\t\t\t\t\t<div class=\"elementor-container elementor-column-gap-default\">\n\t\t\t\t\t<div class=\"elementor-column elementor-col-100 elementor-top-column elementor-element elementor-element-3c7f166\" data-id=\"3c7f166\" data-element_type=\"column\">\n\t\t\t<div class=\"elementor-widget-wrap elementor-element-populated\">\n\t\t\t\t\t\t<div class=\"elementor-element elementor-element-58489de elementor-widget elementor-widget-tx_service_lists elh-el tx_service_lists\" data-id=\"58489de\" data-element_type=\"widget\" data-settings=\"{&quot;design_style&quot;:&quot;style_6&quot;}\" data-widget_type=\"tx_service_lists.default\">\n\t\t\t\t<div class=\"elementor-widget-container\">\n\t\t\t\t\t<div class=\"fti-services-2-area tx-section\">\r\n        <div class=\"fti-services-2-wrap\">\r\n        <div class=\"fti-services-2-slider\">\r\n            <!-- title -->\r\n            <div class=\"title-wrap\">\r\n                                <h5 class=\"fti-subtitle-3\">\r\n                    <span class=\"line subtitle-line-1\"><\/span>\r\n                    \u00dcr\u00fcnlerimiz                <\/h5>\r\n                <h2 class=\"tx-title fti-section-title-3 fti-split-text fti-split-in-right-3\">G\u00fcvenli Paketlemenin<br> G\u00fc\u00e7l\u00fc Halkas\u0131y\u0131z<\/h2>            <\/div>\r\n            <!-- slider -->\r\n            <div class=\"swiper-container fix fti_services_2_active\">\r\n                <div class=\"swiper-wrapper\">\r\n\r\n                                        <div class=\"swiper-slide\">\r\n                        <div class=\"fti-services-2-item\">\r\n                                                        <div class=\"main-img img-cover\">\r\n                                <img decoding=\"async\" src=\"http:\/\/grandstrap.com\/tr\/wp-content\/uploads\/2025\/05\/ihracat-konteyner.jpg\"\r\n                                alt=\"ihracat-konteyner\">\r\n                            <\/div>\r\n                                                        <div class=\"content\">\r\n                                                                <div class=\"content-bg\">\r\n                                    <img decoding=\"async\" src=\"http:\/\/grandstrap.com\/tr\/wp-content\/uploads\/2024\/09\/s2-item-bg.webp\"\r\n                                    alt=\"s2-item-bg\">\r\n                                <\/div>\r\n                                \r\n                                                                <div class=\"icon-wrap\">\r\n                                    <span class=\"icon-1\">\r\n                                        <i aria-hidden=\"true\" class=\"fas fa-globe-africa\"><\/i>                                    <\/span>\r\n                                    <div class=\"divider\"><\/div>\r\n                                <\/div>\r\n                                                                <div class=\"title-wrap\">\r\n                                                                        <h5 class=\"fti-heading-2 title\">\u0130hracat &amp; Konteyner<\/h5>\r\n                                    \r\n                                                                        <p class=\"fti-para-2 disc\">\u00c7ember ve toka sistemlerimiz nakliye s\u00fcrecindeki olas\u0131 hasarlar\u0131 engelleyerek \u00fcr\u00fcnlerin hedef destinasyona g\u00fcvenle ula\u015fmas\u0131n\u0131 sa\u011flar.<\/p>\r\n                                                                    <\/div>\r\n\r\n                                                            <\/div>\r\n                        <\/div>\r\n                    <\/div>\r\n                                        <div class=\"swiper-slide\">\r\n                        <div class=\"fti-services-2-item\">\r\n                                                        <div class=\"main-img img-cover\">\r\n                                <img decoding=\"async\" src=\"http:\/\/grandstrap.com\/tr\/wp-content\/uploads\/2025\/05\/karayolu-denizyolu.jpg\"\r\n                                alt=\"karayolu-denizyolu\">\r\n                            <\/div>\r\n                                                        <div class=\"content\">\r\n                                                                <div class=\"content-bg\">\r\n                                    <img decoding=\"async\" src=\"http:\/\/grandstrap.com\/tr\/wp-content\/uploads\/2024\/09\/s2-item-bg.webp\"\r\n                                    alt=\"s2-item-bg\">\r\n                                <\/div>\r\n                                \r\n                                                                <div class=\"icon-wrap\">\r\n                                    <span class=\"icon-1\">\r\n                                        <i aria-hidden=\"true\" class=\"fas fa-truck-moving\"><\/i>                                    <\/span>\r\n                                    <div class=\"divider\"><\/div>\r\n                                <\/div>\r\n                                                                <div class=\"title-wrap\">\r\n                                                                        <h5 class=\"fti-heading-2 title\">Karayolu &amp; Denizyolu<\/h5>\r\n                                    \r\n                                                                        <p class=\"fti-para-2 disc\">T\u00fcm \u00e7ember ve tokalar\u0131m\u0131z \u00fcst\u00fcn bir y\u00fck g\u00fcvenli\u011fi sa\u011flamas\u0131 a\u00e7\u0131s\u0131ndan mekanik ve detayl\u0131 kalite kontrolleri tamamland\u0131ktan sonra al\u0131c\u0131ya g\u00f6nderilmektedir.<\/p>\r\n                                                                    <\/div>\r\n\r\n                                                            <\/div>\r\n                        <\/div>\r\n                    <\/div>\r\n                                        <div class=\"swiper-slide\">\r\n                        <div class=\"fti-services-2-item\">\r\n                                                        <div class=\"main-img img-cover\">\r\n                                <img decoding=\"async\" src=\"http:\/\/grandstrap.com\/tr\/wp-content\/uploads\/2025\/05\/palet-kimyasallar.jpg\"\r\n                                alt=\"palet-kimyasallar\">\r\n                            <\/div>\r\n                                                        <div class=\"content\">\r\n                                                                <div class=\"content-bg\">\r\n                                    <img decoding=\"async\" src=\"http:\/\/grandstrap.com\/tr\/wp-content\/uploads\/2024\/09\/s2-item-bg.webp\"\r\n                                    alt=\"s2-item-bg\">\r\n                                <\/div>\r\n                                \r\n                                                                <div class=\"icon-wrap\">\r\n                                    <span class=\"icon-1\">\r\n                                        <i aria-hidden=\"true\" class=\"fas fa-pallet\"><\/i>                                    <\/span>\r\n                                    <div class=\"divider\"><\/div>\r\n                                <\/div>\r\n                                                                <div class=\"title-wrap\">\r\n                                                                        <h5 class=\"fti-heading-2 title\">Palet &amp; Kimyasallar<\/h5>\r\n                                    \r\n                                                                        <p class=\"fti-para-2 disc\">E\u015fsiz bir lamine ve i\u015flem tekni\u011fi kombinasyonuna sahip olmas\u0131 \u00fcr\u00fcnlerimizin her t\u00fcrl\u00fc \u00e7al\u0131\u015fma ko\u015fullar\u0131nda dayan\u0131kl\u0131l\u0131\u011f\u0131n\u0131 sa\u011flamaktad\u0131r.<\/p>\r\n                                                                    <\/div>\r\n\r\n                                                            <\/div>\r\n                        <\/div>\r\n                    <\/div>\r\n                                        <div class=\"swiper-slide\">\r\n                        <div class=\"fti-services-2-item\">\r\n                                                        <div class=\"main-img img-cover\">\r\n                                <img decoding=\"async\" src=\"http:\/\/grandstrap.com\/tr\/wp-content\/uploads\/2025\/05\/borular-kutukler.jpg\"\r\n                                alt=\"borular-k\u00fct\u00fckler\">\r\n                            <\/div>\r\n                                                        <div class=\"content\">\r\n                                                                <div class=\"content-bg\">\r\n                                    <img decoding=\"async\" src=\"http:\/\/grandstrap.com\/tr\/wp-content\/uploads\/2024\/09\/s2-item-bg.webp\"\r\n                                    alt=\"s2-item-bg\">\r\n                                <\/div>\r\n                                \r\n                                                                <div class=\"icon-wrap\">\r\n                                    <span class=\"icon-1\">\r\n                                        <i aria-hidden=\"true\" class=\"fas fa-grip-lines\"><\/i>                                    <\/span>\r\n                                    <div class=\"divider\"><\/div>\r\n                                <\/div>\r\n                                                                <div class=\"title-wrap\">\r\n                                                                        <h5 class=\"fti-heading-2 title\">Borular &amp; K\u00fct\u00fckler<\/h5>\r\n                                    \r\n                                                                        <p class=\"fti-para-2 disc\">A\u011f\u0131r y\u00fcklerin g\u00fcvenli\u011fi \u00e7elik ve metal \u00e7emberlere alternatif olarak sundu\u011fumuz \u00fcr\u00fcn \u00e7e\u015fidimiz ile bizim i\u015fimizdir.<\/p>\r\n                                                                    <\/div>\r\n\r\n                                                            <\/div>\r\n                        <\/div>\r\n                    <\/div>\r\n                                    <\/div>\r\n\r\n                            <\/div>\r\n        <\/div>\r\n    <\/div>\r\n<\/div>\r\n<!-- services end -->\t\t\t\t<\/div>\n\t\t\t\t<\/div>\n\t\t\t\t\t<\/div>\n\t\t<\/div>\n\t\t\t\t\t<\/div>\n\t\t<\/section>\n\t\t\t\t<section class=\"elementor-section elementor-top-section elementor-element elementor-element-a871cd6 elementor-section-boxed elementor-section-height-default elementor-section-height-default\" data-id=\"a871cd6\" data-element_type=\"section\" data-settings=\"{&quot;background_background&quot;:&quot;classic&quot;}\">\n\t\t\t\t\t\t<div class=\"elementor-container elementor-column-gap-default\">\n\t\t\t\t\t<div class=\"elementor-column elementor-col-50 elementor-top-column elementor-element elementor-element-b536e49\" data-id=\"b536e49\" data-element_type=\"column\">\n\t\t\t<div class=\"elementor-widget-wrap elementor-element-populated\">\n\t\t\t\t\t\t<div class=\"elementor-element elementor-element-dc69818 elementor-widget elementor-widget-tx_heading elh-el tx_heading\" data-id=\"dc69818\" data-element_type=\"widget\" data-settings=\"{&quot;design_style&quot;:&quot;style_2&quot;}\" data-widget_type=\"tx_heading.default\">\n\t\t\t\t<div class=\"elementor-widget-container\">\n\t\t\t\t\t<div class=\"services-title-wrap tx-heading-section\">\r\n        <h5 class=\"fti-subtitle-5 tx-subTitle\">\u00dcr\u00fcnlerimiz<\/h5>\r\n    <h2 class=\"tx-title fti-section-title-5 fti-split-text \">Nas\u0131l Se\u00e7erim\n?<\/h2>    <\/div>\t\t\t\t<\/div>\n\t\t\t\t<\/div>\n\t\t\t\t\t<\/div>\n\t\t<\/div>\n\t\t\t\t<div class=\"elementor-column elementor-col-50 elementor-top-column elementor-element elementor-element-b4af71b\" data-id=\"b4af71b\" data-element_type=\"column\">\n\t\t\t<div class=\"elementor-widget-wrap elementor-element-populated\">\n\t\t\t\t\t\t<div class=\"elementor-element elementor-element-d797f17 elementor-widget elementor-widget-tx_heading elh-el tx_heading\" data-id=\"d797f17\" data-element_type=\"widget\" data-settings=\"{&quot;design_style&quot;:&quot;style_2&quot;}\" data-widget_type=\"tx_heading.default\">\n\t\t\t\t<div class=\"elementor-widget-container\">\n\t\t\t\t\t<div class=\"services-title-wrap tx-heading-section\">\r\n            <p class=\"tx-description fti-para-4 disc\">\r\n        \u00dcr\u00fcnler ya da neye ihtiyac\u0131n\u0131z oldu\u011fu hakk\u0131nda emin de\u011fil misiniz? Size se\u00e7iminizde yard\u0131mc\u0131 olabiliriz.    <\/p>\r\n    <\/div>\t\t\t\t<\/div>\n\t\t\t\t<\/div>\n\t\t\t\t\t<\/div>\n\t\t<\/div>\n\t\t\t\t\t<\/div>\n\t\t<\/section>\n\t\t\t\t<section class=\"elementor-section elementor-top-section elementor-element elementor-element-d428c98 elementor-section-boxed elementor-section-height-default elementor-section-height-default\" data-id=\"d428c98\" data-element_type=\"section\" data-settings=\"{&quot;background_background&quot;:&quot;classic&quot;}\">\n\t\t\t\t\t\t<div class=\"elementor-container elementor-column-gap-default\">\n\t\t\t\t\t<div class=\"elementor-column elementor-col-100 elementor-top-column elementor-element elementor-element-3fb7965\" data-id=\"3fb7965\" data-element_type=\"column\">\n\t\t\t<div class=\"elementor-widget-wrap elementor-element-populated\">\n\t\t\t\t\t\t<section class=\"elementor-section elementor-inner-section elementor-element elementor-element-ffce7a2 elementor-section-full_width elementor-section-height-default elementor-section-height-default\" data-id=\"ffce7a2\" data-element_type=\"section\" data-settings=\"{&quot;background_background&quot;:&quot;classic&quot;}\">\n\t\t\t\t\t\t<div class=\"elementor-container elementor-column-gap-default\">\n\t\t\t\t\t<div class=\"elementor-column elementor-col-33 elementor-inner-column elementor-element elementor-element-8e72989\" data-id=\"8e72989\" data-element_type=\"column\">\n\t\t\t<div class=\"elementor-widget-wrap elementor-element-populated\">\n\t\t\t\t\t\t<div class=\"elementor-element elementor-element-9fd35fd elementor-widget elementor-widget-tx_icon_box elh-el tx_icon_box\" data-id=\"9fd35fd\" data-element_type=\"widget\" data-settings=\"{&quot;design_style&quot;:&quot;style_3&quot;}\" data-widget_type=\"tx_icon_box.default\">\n\t\t\t\t<div class=\"elementor-widget-container\">\n\t\t\t\t\t<div class=\"fti-services-5-card\">\r\n        <div class=\"icon img-cover\">\r\n                    <img decoding=\"async\" src=\"http:\/\/grandstrap.com\/tr\/wp-content\/uploads\/2025\/05\/delivery-van_3624072.png\" alt=\"delivery-van_3624072\" \/>\r\n            <\/div>\r\n    \r\n        <h4 class=\"fti-heading-3 title\">\r\n        <a href=\"http:\/\/grandstrap.com\/tr\/wp-content\/uploads\/2025\/06\/GrandStrap__TR.pdf\"\r\n        target=\"_self\"\r\n        rel=\"\">\r\n            G\u00fcvenli A\u011f\u0131r Y\u00fckler        <\/a>\r\n    <\/h4>\r\n    \r\n        <a href=\"http:\/\/grandstrap.com\/tr\/wp-content\/uploads\/2025\/06\/GrandStrap__TR.pdf\"\r\n        target=\"_self\"\r\n        rel=\"\" class=\"link\">\r\n        <i aria-hidden=\"true\" class=\"flaticon flaticon-right-arrow\"><\/i>    <\/a>\r\n    <\/div>\t\t\t\t<\/div>\n\t\t\t\t<\/div>\n\t\t\t\t\t<\/div>\n\t\t<\/div>\n\t\t\t\t<div class=\"elementor-column elementor-col-33 elementor-inner-column elementor-element elementor-element-d543a43\" data-id=\"d543a43\" data-element_type=\"column\">\n\t\t\t<div class=\"elementor-widget-wrap elementor-element-populated\">\n\t\t\t\t\t\t<div class=\"elementor-element elementor-element-2fd5883 elementor-widget elementor-widget-tx_icon_box elh-el tx_icon_box\" data-id=\"2fd5883\" data-element_type=\"widget\" data-settings=\"{&quot;design_style&quot;:&quot;style_3&quot;}\" data-widget_type=\"tx_icon_box.default\">\n\t\t\t\t<div class=\"elementor-widget-container\">\n\t\t\t\t\t<div class=\"fti-services-5-card\">\r\n        <div class=\"icon img-cover\">\r\n                    <img decoding=\"async\" src=\"http:\/\/grandstrap.com\/tr\/wp-content\/uploads\/2025\/05\/stretch_4760551.png\" alt=\"stretch_4760551\" \/>\r\n            <\/div>\r\n    \r\n        <h4 class=\"fti-heading-3 title\">\r\n        <a href=\"http:\/\/grandstrap.com\/tr\/wp-content\/uploads\/2025\/06\/GrandStrap__TR.pdf\"\r\n        target=\"_self\"\r\n        rel=\"\">\r\n            Elastikiyet ve Gerdirme        <\/a>\r\n    <\/h4>\r\n    \r\n        <a href=\"http:\/\/grandstrap.com\/tr\/wp-content\/uploads\/2025\/06\/GrandStrap__TR.pdf\"\r\n        target=\"_self\"\r\n        rel=\"\" class=\"link\">\r\n        <i aria-hidden=\"true\" class=\"flaticon flaticon-right-arrow\"><\/i>    <\/a>\r\n    <\/div>\t\t\t\t<\/div>\n\t\t\t\t<\/div>\n\t\t\t\t\t<\/div>\n\t\t<\/div>\n\t\t\t\t<div class=\"elementor-column elementor-col-33 elementor-inner-column elementor-element elementor-element-049cc05\" data-id=\"049cc05\" data-element_type=\"column\">\n\t\t\t<div class=\"elementor-widget-wrap elementor-element-populated\">\n\t\t\t\t\t\t<div class=\"elementor-element elementor-element-2bb03e7 elementor-widget elementor-widget-tx_icon_box elh-el tx_icon_box\" data-id=\"2bb03e7\" data-element_type=\"widget\" data-settings=\"{&quot;design_style&quot;:&quot;style_3&quot;}\" data-widget_type=\"tx_icon_box.default\">\n\t\t\t\t<div class=\"elementor-widget-container\">\n\t\t\t\t\t<div class=\"fti-services-5-card\">\r\n        <div class=\"icon img-cover\">\r\n                    <img decoding=\"async\" src=\"http:\/\/grandstrap.com\/tr\/wp-content\/uploads\/2025\/05\/budget_14431124.png\" alt=\"budget_14431124\" \/>\r\n            <\/div>\r\n    \r\n        <h4 class=\"fti-heading-3 title\">\r\n        <a href=\"http:\/\/grandstrap.com\/tr\/wp-content\/uploads\/2025\/06\/GrandStrap__TR.pdf\"\r\n        target=\"_self\"\r\n        rel=\"\">\r\n            Ekonomik Maliyet        <\/a>\r\n    <\/h4>\r\n    \r\n        <a href=\"http:\/\/grandstrap.com\/tr\/wp-content\/uploads\/2025\/06\/GrandStrap__TR.pdf\"\r\n        target=\"_self\"\r\n        rel=\"\" class=\"link\">\r\n        <i aria-hidden=\"true\" class=\"flaticon flaticon-right-arrow\"><\/i>    <\/a>\r\n    <\/div>\t\t\t\t<\/div>\n\t\t\t\t<\/div>\n\t\t\t\t\t<\/div>\n\t\t<\/div>\n\t\t\t\t\t<\/div>\n\t\t<\/section>\n\t\t\t\t<section class=\"elementor-section elementor-inner-section elementor-element elementor-element-aa1fe58 elementor-section-full_width elementor-section-height-default elementor-section-height-default\" data-id=\"aa1fe58\" data-element_type=\"section\" data-settings=\"{&quot;background_background&quot;:&quot;classic&quot;}\">\n\t\t\t\t\t\t<div class=\"elementor-container elementor-column-gap-default\">\n\t\t\t\t\t<div class=\"elementor-column elementor-col-33 elementor-inner-column elementor-element elementor-element-5941f16\" data-id=\"5941f16\" data-element_type=\"column\">\n\t\t\t<div class=\"elementor-widget-wrap elementor-element-populated\">\n\t\t\t\t\t\t<div class=\"elementor-element elementor-element-036bfde elementor-widget elementor-widget-tx_icon_box elh-el tx_icon_box\" data-id=\"036bfde\" data-element_type=\"widget\" data-settings=\"{&quot;design_style&quot;:&quot;style_3&quot;}\" data-widget_type=\"tx_icon_box.default\">\n\t\t\t\t<div class=\"elementor-widget-container\">\n\t\t\t\t\t<div class=\"fti-services-5-card\">\r\n        <div class=\"icon img-cover\">\r\n                    <img decoding=\"async\" src=\"http:\/\/grandstrap.com\/tr\/wp-content\/uploads\/2025\/05\/forecast_2242747.png\" alt=\"forecast_2242747\" \/>\r\n            <\/div>\r\n    \r\n        <h4 class=\"fti-heading-3 title\">\r\n        <a href=\"http:\/\/grandstrap.com\/tr\/wp-content\/uploads\/2025\/06\/GrandStrap__TR.pdf\"\r\n        target=\"_self\"\r\n        rel=\"\">\r\n            Ekstrem Hava \u015eartlar\u0131        <\/a>\r\n    <\/h4>\r\n    \r\n        <a href=\"http:\/\/grandstrap.com\/tr\/wp-content\/uploads\/2025\/06\/GrandStrap__TR.pdf\"\r\n        target=\"_self\"\r\n        rel=\"\" class=\"link\">\r\n        <i aria-hidden=\"true\" class=\"flaticon flaticon-right-arrow\"><\/i>    <\/a>\r\n    <\/div>\t\t\t\t<\/div>\n\t\t\t\t<\/div>\n\t\t\t\t\t<\/div>\n\t\t<\/div>\n\t\t\t\t<div class=\"elementor-column elementor-col-33 elementor-inner-column elementor-element elementor-element-2aaff0e\" data-id=\"2aaff0e\" data-element_type=\"column\">\n\t\t\t<div class=\"elementor-widget-wrap elementor-element-populated\">\n\t\t\t\t\t\t<div class=\"elementor-element elementor-element-0a001c4 elementor-widget elementor-widget-tx_icon_box elh-el tx_icon_box\" data-id=\"0a001c4\" data-element_type=\"widget\" data-settings=\"{&quot;design_style&quot;:&quot;style_3&quot;}\" data-widget_type=\"tx_icon_box.default\">\n\t\t\t\t<div class=\"elementor-widget-container\">\n\t\t\t\t\t<div class=\"fti-services-5-card\">\r\n        <div class=\"icon img-cover\">\r\n                    <img decoding=\"async\" src=\"http:\/\/grandstrap.com\/tr\/wp-content\/uploads\/2025\/05\/parcel_5340735.png\" alt=\"parcel_5340735\" \/>\r\n            <\/div>\r\n    \r\n        <h4 class=\"fti-heading-3 title\">\r\n        <a href=\"http:\/\/grandstrap.com\/tr\/wp-content\/uploads\/2025\/06\/GrandStrap__TR.pdf\"\r\n        target=\"_self\"\r\n        rel=\"\">\r\n            Hassas ve K\u0131r\u0131lgan \u00dcr\u00fcn        <\/a>\r\n    <\/h4>\r\n    \r\n        <a href=\"http:\/\/grandstrap.com\/tr\/wp-content\/uploads\/2025\/06\/GrandStrap__TR.pdf\"\r\n        target=\"_self\"\r\n        rel=\"\" class=\"link\">\r\n        <i aria-hidden=\"true\" class=\"flaticon flaticon-right-arrow\"><\/i>    <\/a>\r\n    <\/div>\t\t\t\t<\/div>\n\t\t\t\t<\/div>\n\t\t\t\t\t<\/div>\n\t\t<\/div>\n\t\t\t\t<div class=\"elementor-column elementor-col-33 elementor-inner-column elementor-element elementor-element-8e60575\" data-id=\"8e60575\" data-element_type=\"column\">\n\t\t\t<div class=\"elementor-widget-wrap elementor-element-populated\">\n\t\t\t\t\t\t<div class=\"elementor-element elementor-element-44132f8 elementor-widget elementor-widget-tx_icon_box elh-el tx_icon_box\" data-id=\"44132f8\" data-element_type=\"widget\" data-settings=\"{&quot;design_style&quot;:&quot;style_3&quot;}\" data-widget_type=\"tx_icon_box.default\">\n\t\t\t\t<div class=\"elementor-widget-container\">\n\t\t\t\t\t<div class=\"fti-services-5-card\">\r\n        <div class=\"icon img-cover\">\r\n                    <img decoding=\"async\" src=\"http:\/\/grandstrap.com\/tr\/wp-content\/uploads\/2025\/05\/chemical-safety_17337767.png\" alt=\"chemical-safety_17337767\" \/>\r\n            <\/div>\r\n    \r\n        <h4 class=\"fti-heading-3 title\">\r\n        <a href=\"http:\/\/grandstrap.com\/tr\/wp-content\/uploads\/2025\/06\/GrandStrap__TR.pdf\"\r\n        target=\"_self\"\r\n        rel=\"\">\r\n            Kimyasallara Dayan\u0131kl\u0131l\u0131k        <\/a>\r\n    <\/h4>\r\n    \r\n        <a href=\"http:\/\/grandstrap.com\/tr\/wp-content\/uploads\/2025\/06\/GrandStrap__TR.pdf\"\r\n        target=\"_self\"\r\n        rel=\"\" class=\"link\">\r\n        <i aria-hidden=\"true\" class=\"flaticon flaticon-right-arrow\"><\/i>    <\/a>\r\n    <\/div>\t\t\t\t<\/div>\n\t\t\t\t<\/div>\n\t\t\t\t\t<\/div>\n\t\t<\/div>\n\t\t\t\t\t<\/div>\n\t\t<\/section>\n\t\t\t\t\t<\/div>\n\t\t<\/div>\n\t\t\t\t\t<\/div>\n\t\t<\/section>\n\t\t\t\t<\/div>\n\t\t","protected":false},"excerpt":{"rendered":"<p>\u00dcr\u00fcnlerimiz G\u00fcvenli Paketlemenin G\u00fc\u00e7l\u00fc Halkas\u0131y\u0131z \u00dcr\u00fcnlerimiz G\u00fcvenli Paketlemenin G\u00fc\u00e7l\u00fc Halkas\u0131y\u0131z \u0130hracat &amp; Konteyner \u00c7ember ve toka sistemlerimiz nakliye s\u00fcrecindeki olas\u0131 hasarlar\u0131 engelleyerek \u00fcr\u00fcnlerin hedef destinasyona g\u00fcvenle ula\u015fmas\u0131n\u0131 sa\u011flar. Karayolu &amp; Denizyolu T\u00fcm \u00e7ember ve tokalar\u0131m\u0131z \u00fcst\u00fcn bir y\u00fck g\u00fcvenli\u011fi sa\u011flamas\u0131 a\u00e7\u0131s\u0131ndan mekanik ve detayl\u0131 kalite kontrolleri tamamland\u0131ktan sonra al\u0131c\u0131ya g\u00f6nderilmektedir. Palet &amp; Kimyasallar E\u015fsiz bir [&hellip;]<\/p>\n","protected":false},"author":1,"featured_media":0,"parent":0,"menu_order":0,"comment_status":"closed","ping_status":"closed","template":"elementor_header_footer","meta":{"inline_featured_image":false,"footnotes":""},"class_list":["post-52","page","type-page","status-publish","hentry"],"_links":{"self":[{"href":"https:\/\/grandstrap.com\/tr\/wp-json\/wp\/v2\/pages\/52","targetHints":{"allow":["GET"]}}],"collection":[{"href":"https:\/\/grandstrap.com\/tr\/wp-json\/wp\/v2\/pages"}],"about":[{"href":"https:\/\/grandstrap.com\/tr\/wp-json\/wp\/v2\/types\/page"}],"author":[{"embeddable":true,"href":"https:\/\/grandstrap.com\/tr\/wp-json\/wp\/v2\/users\/1"}],"replies":[{"embeddable":true,"href":"https:\/\/grandstrap.com\/tr\/wp-json\/wp\/v2\/comments?post=52"}],"version-history":[{"count":57,"href":"https:\/\/grandstrap.com\/tr\/wp-json\/wp\/v2\/pages\/52\/revisions"}],"predecessor-version":[{"id":5274,"href":"https:\/\/grandstrap.com\/tr\/wp-json\/wp\/v2\/pages\/52\/revisions\/5274"}],"wp:attachment":[{"href":"https:\/\/grandstrap.com\/tr\/wp-json\/wp\/v2\/media?parent=52"}],"curies":[{"name":"wp","href":"https:\/\/api.w.org\/{rel}","templated":true}]}}