{"id":68,"date":"2024-08-04T07:44:00","date_gmt":"2024-08-04T07:44:00","guid":{"rendered":"https:\/\/themexriver.com\/wp\/indsro\/?page_id=68"},"modified":"2025-05-28T19:31:29","modified_gmt":"2025-05-28T19:31:29","slug":"iletisim","status":"publish","type":"page","link":"https:\/\/grandstrap.com\/tr\/iletisim\/","title":{"rendered":"\u0130leti\u015fim"},"content":{"rendered":"\t\t<div data-elementor-type=\"wp-page\" data-elementor-id=\"68\" class=\"elementor elementor-68\">\n\t\t\t\t\t\t<section class=\"elementor-section elementor-top-section elementor-element elementor-element-873920a elementor-section-boxed elementor-section-height-default elementor-section-height-default\" data-id=\"873920a\" data-element_type=\"section\">\n\t\t\t\t\t\t<div class=\"elementor-container elementor-column-gap-no\">\n\t\t\t\t\t<div class=\"elementor-column elementor-col-100 elementor-top-column elementor-element elementor-element-92974b3\" data-id=\"92974b3\" data-element_type=\"column\">\n\t\t\t<div class=\"elementor-widget-wrap elementor-element-populated\">\n\t\t\t\t\t\t<div class=\"elementor-element elementor-element-7a4f80d elementor-widget elementor-widget-tx_heading elh-el tx_heading\" data-id=\"7a4f80d\" data-element_type=\"widget\" data-settings=\"{&quot;design_style&quot;:&quot;style_1&quot;}\" data-widget_type=\"tx_heading.default\">\n\t\t\t\t<div class=\"elementor-widget-container\">\n\t\t\t\t\t<div class=\"services-title-wrap tx-heading-section\">\r\n        <h5 class=\"fti-subtitle-4 tx-subTitle\">Bize Ula\u015f\u0131n<\/h5>\r\n    <h2 class=\"tx-title fti-section-title-4 fti-split-text fti-split-in-right-4 \">Bizimle \u0130leti\u015fime Ge\u00e7in<\/h2>    <\/div>\t\t\t\t<\/div>\n\t\t\t\t<\/div>\n\t\t\t\t\t<\/div>\n\t\t<\/div>\n\t\t\t\t\t<\/div>\n\t\t<\/section>\n\t\t\t\t<section class=\"elementor-section elementor-top-section elementor-element elementor-element-5a41456 elementor-section-boxed elementor-section-height-default elementor-section-height-default\" data-id=\"5a41456\" data-element_type=\"section\">\n\t\t\t\t\t\t<div class=\"elementor-container elementor-column-gap-default\">\n\t\t\t\t\t<div class=\"elementor-column elementor-col-50 elementor-top-column elementor-element elementor-element-64b24c8\" data-id=\"64b24c8\" data-element_type=\"column\">\n\t\t\t<div class=\"elementor-widget-wrap elementor-element-populated\">\n\t\t\t\t\t\t<div class=\"elementor-element elementor-element-c8601a3 elementor-widget elementor-widget-tx_contact_info elh-el tx_contact_info\" data-id=\"c8601a3\" data-element_type=\"widget\" data-settings=\"{&quot;design_style&quot;:&quot;style_4&quot;}\" data-widget_type=\"tx_contact_info.default\">\n\t\t\t\t<div class=\"elementor-widget-container\">\n\t\t\t\t\t<div class=\"fti-contact-us-wrap\">\r\n    <div class=\"action-wrap\">\r\n        <div class=\"action bg-default\" data-background=\"http:\/\/grandstrap.com\/tr\/wp-content\/uploads\/2024\/09\/contact-us-bg.webp\">\r\n                        <div class=\"item\">\r\n                                <span class=\"icon\">\r\n                                            <i aria-hidden=\"true\" class=\"fas fa-map-marker-alt\"><\/i>                                    <\/span>\r\n                \r\n                <div>\r\n                                        <h6 class=\"fti-heading-3 action-title\">Adres<\/h6>\r\n                    \r\n                                        <span class=\"action-text\"> IDOSB A3 34956 Tuzla, Istanbul - Turkey<\/span>\r\n                                    <\/div>\r\n            <\/div>\r\n                        <div class=\"item\">\r\n                                <span class=\"icon\">\r\n                                            <i aria-hidden=\"true\" class=\"flaticon flaticon-telephone\"><\/i>                                    <\/span>\r\n                \r\n                <div>\r\n                                        <h6 class=\"fti-heading-3 action-title\">Telefon<\/h6>\r\n                    \r\n                                        <span class=\"action-text\">+90 (216) 232 35 56<\/span>\r\n                                    <\/div>\r\n            <\/div>\r\n                        <div class=\"item\">\r\n                                <span class=\"icon\">\r\n                                            <i aria-hidden=\"true\" class=\"far fa-envelope\"><\/i>                                    <\/span>\r\n                \r\n                <div>\r\n                                        <h6 class=\"fti-heading-3 action-title\">E-Posta<\/h6>\r\n                    \r\n                                        <span class=\"action-text\">info@grandstrap.com<\/span>\r\n                                    <\/div>\r\n            <\/div>\r\n                    <\/div>\r\n    <\/div>\r\n<\/div>\t\t\t\t<\/div>\n\t\t\t\t<\/div>\n\t\t\t\t\t<\/div>\n\t\t<\/div>\n\t\t\t\t<div class=\"elementor-column elementor-col-50 elementor-top-column elementor-element elementor-element-d9b1b9c\" data-id=\"d9b1b9c\" data-element_type=\"column\">\n\t\t\t<div class=\"elementor-widget-wrap elementor-element-populated\">\n\t\t\t\t\t\t<section class=\"elementor-section elementor-inner-section elementor-element elementor-element-ad22c0d elementor-section-boxed elementor-section-height-default elementor-section-height-default\" data-id=\"ad22c0d\" data-element_type=\"section\" data-settings=\"{&quot;background_background&quot;:&quot;classic&quot;}\">\n\t\t\t\t\t\t<div class=\"elementor-container elementor-column-gap-default\">\n\t\t\t\t\t<div class=\"elementor-column elementor-col-100 elementor-inner-column elementor-element elementor-element-e6d3df2\" data-id=\"e6d3df2\" data-element_type=\"column\">\n\t\t\t<div class=\"elementor-widget-wrap elementor-element-populated\">\n\t\t\t\t\t\t<div class=\"elementor-element elementor-element-b6b2df4 elementor-widget elementor-widget-heading\" data-id=\"b6b2df4\" data-element_type=\"widget\" data-widget_type=\"heading.default\">\n\t\t\t\t<div class=\"elementor-widget-container\">\n\t\t\t\t\t<h2 class=\"elementor-heading-title elementor-size-default\">\u0130leti\u015fim Formu<\/h2>\t\t\t\t<\/div>\n\t\t\t\t<\/div>\n\t\t\t\t<div class=\"elementor-element elementor-element-401f1ea elementor-widget elementor-widget-shortcode\" data-id=\"401f1ea\" data-element_type=\"widget\" data-widget_type=\"shortcode.default\">\n\t\t\t\t<div class=\"elementor-widget-container\">\n\t\t\t\t\t\t\t<div class=\"elementor-shortcode\">\n<div class=\"wpcf7 no-js\" id=\"wpcf7-f5111-o1\" lang=\"tr-TR\" dir=\"ltr\" data-wpcf7-id=\"5111\">\n<div class=\"screen-reader-response\"><p role=\"status\" aria-live=\"polite\" aria-atomic=\"true\"><\/p> <ul><\/ul><\/div>\n<form action=\"\/tr\/wp-json\/wp\/v2\/pages\/68#wpcf7-f5111-o1\" method=\"post\" class=\"wpcf7-form init\" aria-label=\"\u0130leti\u015fim Formu\" novalidate=\"novalidate\" data-status=\"init\">\n<div style=\"display: none;\">\n<input type=\"hidden\" name=\"_wpcf7\" value=\"5111\" \/>\n<input type=\"hidden\" name=\"_wpcf7_version\" value=\"6.0.6\" \/>\n<input type=\"hidden\" name=\"_wpcf7_locale\" value=\"tr_TR\" \/>\n<input type=\"hidden\" name=\"_wpcf7_unit_tag\" value=\"wpcf7-f5111-o1\" \/>\n<input type=\"hidden\" name=\"_wpcf7_container_post\" value=\"0\" \/>\n<input type=\"hidden\" name=\"_wpcf7_posted_data_hash\" value=\"\" \/>\n<\/div>\n<div class=\"tx-contactForm\">\n    <div class=\"team-details-form-input-wrap\">\n        <div>\n            <label class=\"form-label\" for=\"name\">Ad & Soyad<span class=\"label-req-mark\">*<\/span><\/label>\n            <span class=\"wpcf7-form-control-wrap\" data-name=\"text-864\"><input size=\"40\" maxlength=\"400\" class=\"wpcf7-form-control wpcf7-text wpcf7-validates-as-required team-details-form-input\" aria-required=\"true\" aria-invalid=\"false\" placeholder=\"Ad &amp; Soyad\" value=\"\" type=\"text\" name=\"text-864\" \/><\/span>\n        <\/div>\n        <div>\n            <label class=\"form-label\" for=\"phone\">Telefon Numaran\u0131z<span class=\"label-req-mark\">*<\/span><\/label>\n            <span class=\"wpcf7-form-control-wrap\" data-name=\"tel-864\"><input size=\"40\" maxlength=\"400\" class=\"wpcf7-form-control wpcf7-tel wpcf7-validates-as-required wpcf7-text wpcf7-validates-as-tel team-details-form-input\" aria-required=\"true\" aria-invalid=\"false\" placeholder=\"Telefon Numaran\u0131z\" value=\"\" type=\"tel\" name=\"tel-864\" \/><\/span>\n        <\/div>\n        <div>\n            <label class=\"form-label\" for=\"email\">E-Posta Adresiniz<span class=\"label-req-mark\">*<\/span><\/label>\n            <span class=\"wpcf7-form-control-wrap\" data-name=\"email-864\"><input size=\"40\" maxlength=\"400\" class=\"wpcf7-form-control wpcf7-email wpcf7-validates-as-required wpcf7-text wpcf7-validates-as-email team-details-form-input\" aria-required=\"true\" aria-invalid=\"false\" placeholder=\"E-Posta Adresiniz\" value=\"\" type=\"email\" name=\"email-864\" \/><\/span>\n        <\/div>\n        <div>\n            <label class=\"form-label\" for=\"subject\">Konu<span class=\"label-req-mark\">*<\/span><\/label>\n            <span class=\"wpcf7-form-control-wrap\" data-name=\"text-864\"><input size=\"40\" maxlength=\"400\" class=\"wpcf7-form-control wpcf7-text wpcf7-validates-as-required team-details-form-input\" aria-required=\"true\" aria-invalid=\"false\" placeholder=\"Konu\" value=\"\" type=\"text\" name=\"text-864\" \/><\/span>\n        <\/div>\n        \n    <\/div>\n        <br><div class=\"textarea-form-wrap\">\n            <label class=\"form-label\" for=\"message\">Mesaj\u0131n\u0131z<span class=\"label-req-mark\">*<\/span><\/label>\n            <span class=\"wpcf7-form-control-wrap\" data-name=\"textarea-902\"><textarea cols=\"40\" rows=\"10\" maxlength=\"2000\" class=\"wpcf7-form-control wpcf7-textarea wpcf7-validates-as-required team-details-form-textarea\" aria-required=\"true\" aria-invalid=\"false\" placeholder=\"Mesaj\u0131n\u0131z\" name=\"textarea-902\"><\/textarea><\/span>\n        <\/div>\n    <div class=\"team-details-form-btn-wrap\">\n        <button class=\"fti-btn-pr-4 team-d-submit-btn\" type=\"submit\">\n            <span class=\"btn-text\">G\u00f6nder<\/span>\n            <span class=\"btn-icon\">\n                <i class=\"flaticon-right-arrow\"><\/i>\n            <\/span>\n        <\/button>\n    <\/div>\n<\/div><div class=\"wpcf7-response-output\" aria-hidden=\"true\"><\/div>\n<\/form>\n<\/div>\n<\/div>\n\t\t\t\t\t\t<\/div>\n\t\t\t\t<\/div>\n\t\t\t\t\t<\/div>\n\t\t<\/div>\n\t\t\t\t\t<\/div>\n\t\t<\/section>\n\t\t\t\t\t<\/div>\n\t\t<\/div>\n\t\t\t\t\t<\/div>\n\t\t<\/section>\n\t\t\t\t<section class=\"elementor-section elementor-top-section elementor-element elementor-element-2f208ff elementor-section-full_width elementor-section-height-default elementor-section-height-default\" data-id=\"2f208ff\" data-element_type=\"section\">\n\t\t\t\t\t\t<div class=\"elementor-container elementor-column-gap-default\">\n\t\t\t\t\t<div class=\"elementor-column elementor-col-100 elementor-top-column elementor-element elementor-element-546f2e8\" data-id=\"546f2e8\" data-element_type=\"column\">\n\t\t\t<div class=\"elementor-widget-wrap elementor-element-populated\">\n\t\t\t\t\t\t<div class=\"elementor-element elementor-element-9b40b33 elementor-widget elementor-widget-google_maps\" data-id=\"9b40b33\" data-element_type=\"widget\" data-widget_type=\"google_maps.default\">\n\t\t\t\t<div class=\"elementor-widget-container\">\n\t\t\t\t\t\t\t<div class=\"elementor-custom-embed\">\n\t\t\t<iframe loading=\"lazy\"\n\t\t\t\t\tsrc=\"https:\/\/maps.google.com\/maps?q=%20IDOSB%20A3%2034956%20Tuzla&#038;t=m&#038;z=15&#038;output=embed&#038;iwloc=near\"\n\t\t\t\t\ttitle=\" IDOSB A3 34956 Tuzla\"\n\t\t\t\t\taria-label=\" IDOSB A3 34956 Tuzla\"\n\t\t\t><\/iframe>\n\t\t<\/div>\n\t\t\t\t\t\t<\/div>\n\t\t\t\t<\/div>\n\t\t\t\t\t<\/div>\n\t\t<\/div>\n\t\t\t\t\t<\/div>\n\t\t<\/section>\n\t\t\t\t<\/div>\n\t\t","protected":false},"excerpt":{"rendered":"<p>Bize Ula\u015f\u0131n Bizimle \u0130leti\u015fime Ge\u00e7in Adres IDOSB A3 34956 Tuzla, Istanbul &#8211; Turkey Telefon +90 (216) 232 35 56 E-Posta info@grandstrap.com \u0130leti\u015fim Formu<\/p>\n","protected":false},"author":1,"featured_media":0,"parent":0,"menu_order":0,"comment_status":"closed","ping_status":"closed","template":"elementor_header_footer","meta":{"inline_featured_image":false,"footnotes":""},"class_list":["post-68","page","type-page","status-publish","hentry"],"_links":{"self":[{"href":"https:\/\/grandstrap.com\/tr\/wp-json\/wp\/v2\/pages\/68","targetHints":{"allow":["GET"]}}],"collection":[{"href":"https:\/\/grandstrap.com\/tr\/wp-json\/wp\/v2\/pages"}],"about":[{"href":"https:\/\/grandstrap.com\/tr\/wp-json\/wp\/v2\/types\/page"}],"author":[{"embeddable":true,"href":"https:\/\/grandstrap.com\/tr\/wp-json\/wp\/v2\/users\/1"}],"replies":[{"embeddable":true,"href":"https:\/\/grandstrap.com\/tr\/wp-json\/wp\/v2\/comments?post=68"}],"version-history":[{"count":11,"href":"https:\/\/grandstrap.com\/tr\/wp-json\/wp\/v2\/pages\/68\/revisions"}],"predecessor-version":[{"id":5114,"href":"https:\/\/grandstrap.com\/tr\/wp-json\/wp\/v2\/pages\/68\/revisions\/5114"}],"wp:attachment":[{"href":"https:\/\/grandstrap.com\/tr\/wp-json\/wp\/v2\/media?parent=68"}],"curies":[{"name":"wp","href":"https:\/\/api.w.org\/{rel}","templated":true}]}}